{"id":1928,"date":"2025-01-23T21:35:24","date_gmt":"2025-01-23T20:35:24","guid":{"rendered":"https:\/\/metalowiecstalowawola.pl\/?page_id=1928"},"modified":"2025-01-23T23:38:59","modified_gmt":"2025-01-23T22:38:59","slug":"ekosan","status":"publish","type":"page","link":"https:\/\/metalowiecstalowawola.pl\/index.php\/ekosan\/","title":{"rendered":"EkoSan"},"content":{"rendered":"<style>.kb-row-layout-id1928_a31ce5-07 > .kt-row-column-wrap{align-content:start;}:where(.kb-row-layout-id1928_a31ce5-07 > .kt-row-column-wrap) > .wp-block-kadence-column{justify-content:start;}.kb-row-layout-id1928_a31ce5-07 > .kt-row-column-wrap{column-gap:var(--global-kb-gap-md, 2rem);row-gap:var(--global-kb-gap-md, 2rem);max-width:600px;margin-left:auto;margin-right:auto;padding-top:150px;padding-right:0px;padding-bottom:120px;padding-left:0px;grid-template-columns:minmax(0, 1fr);}.kb-row-layout-id1928_a31ce5-07 > .kt-row-layout-overlay{opacity:0.70;background:linear-gradient(135deg,var(--global-palette9) 0%,rgb(0,167,255) 53%,var(--global-palette9) 100%);}@media all and (max-width: 1024px){.kb-row-layout-id1928_a31ce5-07 > .kt-row-column-wrap{padding-top:140px;padding-right:0px;padding-bottom:80px;padding-left:0px;grid-template-columns:minmax(0, 1fr);}}@media all and (max-width: 767px){.kb-row-layout-id1928_a31ce5-07 > .kt-row-column-wrap{padding-top:120px;padding-right:20px;padding-bottom:50px;padding-left:20px;grid-template-columns:minmax(0, 1fr);}}<\/style><div class=\"kb-row-layout-wrap kb-row-layout-id1928_a31ce5-07 alignnone has-theme-palette8-background-color kt-row-has-bg wp-block-kadence-rowlayout\"><div class=\"kt-row-layout-overlay kt-row-overlay-gradient\"><\/div><div class=\"kt-row-column-wrap kt-has-1-columns kt-row-layout-equal kt-tab-layout-inherit kt-mobile-layout-row kt-row-valign-top\">\n<style>.kadence-column1928_812514-5c > .kt-inside-inner-col{padding-top:10px;padding-right:10px;padding-bottom:10px;padding-left:10px;}.kadence-column1928_812514-5c > .kt-inside-inner-col,.kadence-column1928_812514-5c > .kt-inside-inner-col:before{border-top-left-radius:0px;border-top-right-radius:0px;border-bottom-right-radius:0px;border-bottom-left-radius:0px;}.kadence-column1928_812514-5c > .kt-inside-inner-col{column-gap:var(--global-kb-gap-sm, 1rem);}.kadence-column1928_812514-5c > .kt-inside-inner-col{flex-direction:column;}.kadence-column1928_812514-5c > .kt-inside-inner-col > .aligncenter{width:100%;}.kadence-column1928_812514-5c > .kt-inside-inner-col:before{opacity:0.3;}.kadence-column1928_812514-5c{position:relative;}@media all and (max-width: 1024px){.kadence-column1928_812514-5c > .kt-inside-inner-col{flex-direction:column;}}@media all and (max-width: 767px){.kadence-column1928_812514-5c > .kt-inside-inner-col{flex-direction:column;}}<\/style>\n<div class=\"wp-block-kadence-column kadence-column1928_812514-5c inner-column-1\"><div class=\"kt-inside-inner-col\"><style>.wp-block-kadence-advancedheading.kt-adv-heading1928_ff862f-70, .wp-block-kadence-advancedheading.kt-adv-heading1928_ff862f-70[data-kb-block=\"kb-adv-heading1928_ff862f-70\"]{margin-bottom:22.5px;text-align:center;line-height:1em;font-style:normal;}.wp-block-kadence-advancedheading.kt-adv-heading1928_ff862f-70 mark.kt-highlight, .wp-block-kadence-advancedheading.kt-adv-heading1928_ff862f-70[data-kb-block=\"kb-adv-heading1928_ff862f-70\"] mark.kt-highlight{font-style:normal;color:#f76a0c;-webkit-box-decoration-break:clone;box-decoration-break:clone;padding-top:0px;padding-right:0px;padding-bottom:0px;padding-left:0px;}@media all and (max-width: 1024px){.wp-block-kadence-advancedheading.kt-adv-heading1928_ff862f-70, .wp-block-kadence-advancedheading.kt-adv-heading1928_ff862f-70[data-kb-block=\"kb-adv-heading1928_ff862f-70\"]{margin-bottom:17.5px;}}<\/style>\n<h1 class=\"kt-adv-heading1928_ff862f-70 wp-block-kadence-advancedheading\" data-kb-block=\"kb-adv-heading1928_ff862f-70\"><a href=\"https:\/\/ekosanstw.pl\/\"><\/a><br><strong>EkoSan Stalowa Wola Sp. z o.o.<\/strong><\/h1>\n<\/div><\/div>\n\n<\/div><\/div>\n\n<style>.kb-row-layout-id1928_ead44b-3c > .kt-row-column-wrap{align-content:start;}:where(.kb-row-layout-id1928_ead44b-3c > .kt-row-column-wrap) > .wp-block-kadence-column{justify-content:start;}.kb-row-layout-id1928_ead44b-3c > .kt-row-column-wrap{column-gap:var(--global-kb-gap-none, 0rem );row-gap:var(--global-kb-gap-none, 0rem );max-width:var( --global-content-width, 1290px );padding-left:var(--global-content-edge-padding);padding-right:var(--global-content-edge-padding);padding-top:51px;padding-right:0px;padding-bottom:0px;padding-left:0px;grid-template-columns:minmax(0, calc(45% - ((var(--global-kb-gap-none, 0rem ) * 1 )\/2)))minmax(0, calc(55% - ((var(--global-kb-gap-none, 0rem ) * 1 )\/2)));}.kb-row-layout-id1928_ead44b-3c > .kt-row-layout-overlay{opacity:0.30;}@media all and (max-width: 1024px){.kb-row-layout-id1928_ead44b-3c > .kt-row-column-wrap{padding-top:80px;padding-right:20px;padding-bottom:0px;padding-left:20px;grid-template-columns:minmax(0, 1fr);}}@media all and (max-width: 767px){.kb-row-layout-id1928_ead44b-3c > .kt-row-column-wrap{padding-top:60px;padding-right:0px;padding-bottom:0px;padding-left:0px;grid-template-columns:minmax(0, 1fr);}}<\/style><div class=\"kb-row-layout-wrap kb-row-layout-id1928_ead44b-3c alignnone wp-block-kadence-rowlayout\"><div class=\"kt-row-column-wrap kt-has-2-columns kt-row-layout-equal kt-tab-layout-row kt-mobile-layout-row kt-row-valign-top kb-theme-content-width\">\n<style>.kadence-column1928_ed4ca3-9f > .kt-inside-inner-col{padding-top:10px;padding-right:10px;padding-bottom:10px;padding-left:10px;}.kadence-column1928_ed4ca3-9f > .kt-inside-inner-col,.kadence-column1928_ed4ca3-9f > .kt-inside-inner-col:before{border-top-left-radius:0px;border-top-right-radius:0px;border-bottom-right-radius:0px;border-bottom-left-radius:0px;}.kadence-column1928_ed4ca3-9f > .kt-inside-inner-col{column-gap:var(--global-kb-gap-sm, 1rem);}.kadence-column1928_ed4ca3-9f > .kt-inside-inner-col{flex-direction:column;}.kadence-column1928_ed4ca3-9f > .kt-inside-inner-col > .aligncenter{width:100%;}.kadence-column1928_ed4ca3-9f > .kt-inside-inner-col:before{opacity:0.3;}.kadence-column1928_ed4ca3-9f{position:relative;}@media all and (max-width: 1024px){.kadence-column1928_ed4ca3-9f > .kt-inside-inner-col{flex-direction:column;}}@media all and (max-width: 767px){.kadence-column1928_ed4ca3-9f > .kt-inside-inner-col{flex-direction:column;}}<\/style>\n<div class=\"wp-block-kadence-column kadence-column1928_ed4ca3-9f inner-column-1\"><div class=\"kt-inside-inner-col\"><style>.kb-image1928_ed3237-ef .kb-image-has-overlay:after{opacity:0.3;}<\/style>\n<div class=\"wp-block-kadence-image kb-image1928_ed3237-ef\"><figure class=\"aligncenter size-full\"><a href=\"https:\/\/ekosanstw.pl\/\" class=\"kb-advanced-image-link\"><img loading=\"lazy\" decoding=\"async\" width=\"270\" height=\"73\" src=\"https:\/\/metalowiecstalowawola.pl\/wp-content\/uploads\/2024\/11\/cropped-logo-EkoSan-svg.png\" alt=\"\" class=\"kb-img wp-image-1424\"\/><\/a><\/figure><\/div>\n<\/div><\/div>\n\n\n<style>.kadence-column1928_49bd95-03 > .kt-inside-inner-col{padding-top:10px;padding-right:10px;padding-bottom:10px;padding-left:10px;}.kadence-column1928_49bd95-03 > .kt-inside-inner-col,.kadence-column1928_49bd95-03 > .kt-inside-inner-col:before{border-top-left-radius:0px;border-top-right-radius:0px;border-bottom-right-radius:0px;border-bottom-left-radius:0px;}.kadence-column1928_49bd95-03 > .kt-inside-inner-col{column-gap:var(--global-kb-gap-sm, 1rem);}.kadence-column1928_49bd95-03 > .kt-inside-inner-col{flex-direction:column;}.kadence-column1928_49bd95-03 > .kt-inside-inner-col > .aligncenter{width:100%;}.kadence-column1928_49bd95-03 > .kt-inside-inner-col:before{opacity:0.3;}.kadence-column1928_49bd95-03{position:relative;}@media all and (max-width: 1024px){.kadence-column1928_49bd95-03 > .kt-inside-inner-col{flex-direction:column;}}@media all and (max-width: 767px){.kadence-column1928_49bd95-03 > .kt-inside-inner-col{flex-direction:column;}}<\/style>\n<div class=\"wp-block-kadence-column kadence-column1928_49bd95-03 inner-column-2\"><div class=\"kt-inside-inner-col\"><style>.wp-block-kadence-advancedheading.kt-adv-heading1928_6a623d-10, .wp-block-kadence-advancedheading.kt-adv-heading1928_6a623d-10[data-kb-block=\"kb-adv-heading1928_6a623d-10\"]{font-size:24px;font-style:normal;color:#000000;}.wp-block-kadence-advancedheading.kt-adv-heading1928_6a623d-10 mark.kt-highlight, .wp-block-kadence-advancedheading.kt-adv-heading1928_6a623d-10[data-kb-block=\"kb-adv-heading1928_6a623d-10\"] mark.kt-highlight{font-style:normal;color:#f76a0c;-webkit-box-decoration-break:clone;box-decoration-break:clone;padding-top:0px;padding-right:0px;padding-bottom:0px;padding-left:0px;}<\/style>\n<h2 class=\"kt-adv-heading1928_6a623d-10 wp-block-kadence-advancedheading\" data-kb-block=\"kb-adv-heading1928_6a623d-10\"><strong>EkoSan Stalowa Wola Sp. z o.o.<\/strong><\/h2>\n\n\n<style>.wp-block-kadence-advancedheading.kt-adv-heading1928_a8e410-80, .wp-block-kadence-advancedheading.kt-adv-heading1928_a8e410-80[data-kb-block=\"kb-adv-heading1928_a8e410-80\"]{font-style:normal;}.wp-block-kadence-advancedheading.kt-adv-heading1928_a8e410-80 mark.kt-highlight, .wp-block-kadence-advancedheading.kt-adv-heading1928_a8e410-80[data-kb-block=\"kb-adv-heading1928_a8e410-80\"] mark.kt-highlight{font-style:normal;color:#f76a0c;-webkit-box-decoration-break:clone;box-decoration-break:clone;padding-top:0px;padding-right:0px;padding-bottom:0px;padding-left:0px;}<\/style>\n<p class=\"kt-adv-heading1928_a8e410-80 wp-block-kadence-advancedheading has-theme-palette-3-color has-text-color\" data-kb-block=\"kb-adv-heading1928_a8e410-80\"><strong>Lokalizacja:<\/strong> 37-450 Stalowa Wola, ul. Dzia\u0142kowa 2<br><strong><strong>Kontakt:<\/strong><\/strong> +48 15 642 59 25\u00a0<a href=\"https:\/\/www.ekosanstw.pl\">www.ekosanstw.pl\u00a0<\/a>.<\/p>\n<\/div><\/div>\n\n<\/div><\/div>\n\n<style>.kb-row-layout-id1928_75bd37-9c > .kt-row-column-wrap{align-content:start;}:where(.kb-row-layout-id1928_75bd37-9c > .kt-row-column-wrap) > .wp-block-kadence-column{justify-content:start;}.kb-row-layout-id1928_75bd37-9c > .kt-row-column-wrap{column-gap:var(--global-kb-gap-md, 2rem);row-gap:var(--global-kb-gap-md, 2rem);max-width:var( --global-content-width, 1290px );padding-left:var(--global-content-edge-padding);padding-right:var(--global-content-edge-padding);padding-top:15px;padding-right:0px;padding-bottom:15px;padding-left:0px;grid-template-columns:minmax(0, 1fr);}.kb-row-layout-id1928_75bd37-9c > .kt-row-layout-overlay{opacity:0.30;}@media all and (max-width: 1024px){.kb-row-layout-id1928_75bd37-9c > .kt-row-column-wrap{padding-top:0px;padding-right:30px;padding-bottom:70px;padding-left:30px;grid-template-columns:minmax(0, 1fr);}}@media all and (max-width: 767px){.kb-row-layout-id1928_75bd37-9c > .kt-row-column-wrap{padding-top:20px;padding-right:20px;padding-bottom:60px;padding-left:20px;grid-template-columns:minmax(0, 1fr);}}<\/style><div class=\"kb-row-layout-wrap kb-row-layout-id1928_75bd37-9c alignnone wp-block-kadence-rowlayout\"><div class=\"kt-row-column-wrap kt-has-1-columns kt-row-layout-equal kt-tab-layout-inherit kt-mobile-layout-row kt-row-valign-top kb-theme-content-width\">\n<style>.kadence-column1928_8334ee-c3 > .kt-inside-inner-col,.kadence-column1928_8334ee-c3 > .kt-inside-inner-col:before{border-top-left-radius:0px;border-top-right-radius:0px;border-bottom-right-radius:0px;border-bottom-left-radius:0px;}.kadence-column1928_8334ee-c3 > .kt-inside-inner-col{column-gap:var(--global-kb-gap-sm, 1rem);}.kadence-column1928_8334ee-c3 > .kt-inside-inner-col{flex-direction:column;}.kadence-column1928_8334ee-c3 > .kt-inside-inner-col > .aligncenter{width:100%;}.kadence-column1928_8334ee-c3 > .kt-inside-inner-col:before{opacity:0.3;}.kadence-column1928_8334ee-c3{position:relative;}@media all and (max-width: 1024px){.kadence-column1928_8334ee-c3 > .kt-inside-inner-col{flex-direction:column;}}@media all and (max-width: 767px){.kadence-column1928_8334ee-c3 > .kt-inside-inner-col{flex-direction:column;}}<\/style>\n<div class=\"wp-block-kadence-column kadence-column1928_8334ee-c3\"><div class=\"kt-inside-inner-col\"><style>.wp-block-kadence-advancedheading.kt-adv-heading1928_82ae16-b7, .wp-block-kadence-advancedheading.kt-adv-heading1928_82ae16-b7[data-kb-block=\"kb-adv-heading1928_82ae16-b7\"]{font-size:24px;font-style:normal;}.wp-block-kadence-advancedheading.kt-adv-heading1928_82ae16-b7 mark.kt-highlight, .wp-block-kadence-advancedheading.kt-adv-heading1928_82ae16-b7[data-kb-block=\"kb-adv-heading1928_82ae16-b7\"] mark.kt-highlight{font-style:normal;color:#f76a0c;-webkit-box-decoration-break:clone;box-decoration-break:clone;padding-top:0px;padding-right:0px;padding-bottom:0px;padding-left:0px;}<\/style>\n<h2 class=\"kt-adv-heading1928_82ae16-b7 wp-block-kadence-advancedheading\" data-kb-block=\"kb-adv-heading1928_82ae16-b7\">Opis Firmy:<\/h2>\n<\/div><\/div>\n\n<\/div><\/div>\n\n<style>.kb-row-layout-id1928_0d0955-fc > .kt-row-column-wrap{align-content:start;}:where(.kb-row-layout-id1928_0d0955-fc > .kt-row-column-wrap) > .wp-block-kadence-column{justify-content:start;}.kb-row-layout-id1928_0d0955-fc > .kt-row-column-wrap{column-gap:var(--global-kb-gap-md, 2rem);row-gap:var(--global-kb-gap-md, 2rem);max-width:var( --global-content-width, 1290px );padding-left:var(--global-content-edge-padding);padding-right:var(--global-content-edge-padding);padding-top:15px;padding-right:0px;padding-bottom:50px;padding-left:0px;grid-template-columns:minmax(0, 1fr);}.kb-row-layout-id1928_0d0955-fc > .kt-row-layout-overlay{opacity:0.30;}@media all and (max-width: 1024px){.kb-row-layout-id1928_0d0955-fc > .kt-row-column-wrap{padding-top:0px;padding-right:30px;padding-bottom:70px;padding-left:30px;grid-template-columns:minmax(0, 1fr);}}@media all and (max-width: 767px){.kb-row-layout-id1928_0d0955-fc > .kt-row-column-wrap{padding-top:20px;padding-right:20px;padding-bottom:60px;padding-left:20px;grid-template-columns:minmax(0, 1fr);}}<\/style><div class=\"kb-row-layout-wrap kb-row-layout-id1928_0d0955-fc alignnone wp-block-kadence-rowlayout\"><div class=\"kt-row-column-wrap kt-has-1-columns kt-row-layout-equal kt-tab-layout-inherit kt-mobile-layout-row kt-row-valign-top kb-theme-content-width\">\n<style>.kadence-column1928_537677-37 > .kt-inside-inner-col,.kadence-column1928_537677-37 > .kt-inside-inner-col:before{border-top-left-radius:0px;border-top-right-radius:0px;border-bottom-right-radius:0px;border-bottom-left-radius:0px;}.kadence-column1928_537677-37 > .kt-inside-inner-col{column-gap:var(--global-kb-gap-sm, 1rem);}.kadence-column1928_537677-37 > .kt-inside-inner-col{flex-direction:column;}.kadence-column1928_537677-37 > .kt-inside-inner-col > .aligncenter{width:100%;}.kadence-column1928_537677-37 > .kt-inside-inner-col:before{opacity:0.3;}.kadence-column1928_537677-37{position:relative;}@media all and (max-width: 1024px){.kadence-column1928_537677-37 > .kt-inside-inner-col{flex-direction:column;}}@media all and (max-width: 767px){.kadence-column1928_537677-37 > .kt-inside-inner-col{flex-direction:column;}}<\/style>\n<div class=\"wp-block-kadence-column kadence-column1928_537677-37\"><div class=\"kt-inside-inner-col\"><style>.wp-block-kadence-advancedheading.kt-adv-heading1928_84335b-91, .wp-block-kadence-advancedheading.kt-adv-heading1928_84335b-91[data-kb-block=\"kb-adv-heading1928_84335b-91\"]{font-size:var(--global-kb-font-size-md, 1.25rem);font-style:normal;}.wp-block-kadence-advancedheading.kt-adv-heading1928_84335b-91 mark.kt-highlight, .wp-block-kadence-advancedheading.kt-adv-heading1928_84335b-91[data-kb-block=\"kb-adv-heading1928_84335b-91\"] mark.kt-highlight{font-style:normal;color:#f76a0c;-webkit-box-decoration-break:clone;box-decoration-break:clone;padding-top:0px;padding-right:0px;padding-bottom:0px;padding-left:0px;}<\/style>\n<p class=\"kt-adv-heading1928_84335b-91 wp-block-kadence-advancedheading\" data-kb-block=\"kb-adv-heading1928_84335b-91\"><strong>EkoSan Stalowa Wola Sp. z o.o.<\/strong> \u015bwiadczy us\u0142ugi dla zabezpieczenia potrzeb <strong>socjalno-bytowych i technologicznych przedsi\u0119biorstw <\/strong>lokuj\u0105cych si\u0119 na obecnym i by\u0142ym terenie HSW S.A., Tarnobrzeskiej Specjalnej Strefy Ekonomicznej oraz terenie Strategicznego Parku Inwestycyjnego <strong>Euro-Park Stalowa Wola<\/strong>, zaopatrywanych z sieci EkoSan Stalowa Wola Sp. z o.o. w Stalowej Woli.<\/p>\n\n\n\n<p><strong>Sp\u00f3\u0142ka \u015bwiadczy us\u0142ugi w zakresie<\/strong>:<\/p>\n\n\n\n<ul class=\"wp-block-list\">\n<li>dostawy wody pitnej pobieranej z w\u0142asnego uj\u0119cia wody podziemnej i uzdatnionej we w\u0142asnej stacji uzdatniania,<\/li>\n\n\n\n<li>dostawy wody przemys\u0142owej do cel\u00f3w technologicznych pobieranej z w\u0142asnego uj\u0119cia wody powierzchniowej,<\/li>\n\n\n\n<li>odbioru \u015bciek\u00f3w do sieci kanalizacyjnej og\u00f3lnosp\u0142awnej i ich oczyszczania w mechanicznej Centralnej Oczyszczalni \u015aciek\u00f3w,<\/li>\n\n\n\n<li>w zakresie wykonywania bada\u0144 \u015bciek\u00f3w,wody i higieny pracy na stanowiskach pracy&nbsp; \u015bwiadczone przez Laboratorium Ochrony \u015arodowiska.<\/li>\n<\/ul>\n\n\n<style>.wp-block-kadence-advancedheading.kt-adv-heading1928_06893d-57, .wp-block-kadence-advancedheading.kt-adv-heading1928_06893d-57[data-kb-block=\"kb-adv-heading1928_06893d-57\"]{font-style:normal;}.wp-block-kadence-advancedheading.kt-adv-heading1928_06893d-57 mark.kt-highlight, .wp-block-kadence-advancedheading.kt-adv-heading1928_06893d-57[data-kb-block=\"kb-adv-heading1928_06893d-57\"] mark.kt-highlight{font-style:normal;color:#f76a0c;-webkit-box-decoration-break:clone;box-decoration-break:clone;padding-top:0px;padding-right:0px;padding-bottom:0px;padding-left:0px;}<\/style>\n<p class=\"kt-adv-heading1928_06893d-57 wp-block-kadence-advancedheading\" data-kb-block=\"kb-adv-heading1928_06893d-57\">Sp\u00f3\u0142ka posiada moce produkcyjne pozwalaj\u0105ce na przy\u0142\u0105czanie nowych odbiorc\u00f3w do w\u0142asnej sieci wodno-kanalizacyjnej i ich pe\u0142n\u0105, kompleksow\u0105 obs\u0142ug\u0119 w zakresie&nbsp;<strong>dostaw w\u00f3d i odbioru \u015bciek\u00f3w<\/strong>. Sp\u00f3\u0142ka posiada niezb\u0119dne, wymagane prawem pozwolenia wodnoprawne w zakresie prowadzonej dzia\u0142alno\u015bci.<\/p>\n<\/div><\/div>\n\n<\/div><\/div>","protected":false},"excerpt":{"rendered":"<p>EkoSan Stalowa Wola Sp. z o.o. EkoSan Stalowa Wola Sp. z o.o. Lokalizacja: 37-450 Stalowa Wola, ul. Dzia\u0142kowa 2Kontakt: +48 15 642 59 25\u00a0www.ekosanstw.pl\u00a0. Opis Firmy: EkoSan Stalowa Wola Sp. z o.o. \u015bwiadczy us\u0142ugi dla zabezpieczenia potrzeb socjalno-bytowych i technologicznych przedsi\u0119biorstw lokuj\u0105cych si\u0119 na obecnym i by\u0142ym terenie HSW S.A., Tarnobrzeskiej Specjalnej Strefy Ekonomicznej oraz&#8230;<\/p>\n","protected":false},"author":1,"featured_media":0,"parent":0,"menu_order":0,"comment_status":"closed","ping_status":"closed","template":"","meta":{"_kadence_starter_templates_imported_post":true,"_kad_post_transparent":"","_kad_post_title":"hide","_kad_post_layout":"fullwidth","_kad_post_sidebar_id":"","_kad_post_content_style":"unboxed","_kad_post_vertical_padding":"hide","_kad_post_feature":"hide","_kad_post_feature_position":"","_kad_post_header":false,"_kad_post_footer":false,"footnotes":""},"class_list":["post-1928","page","type-page","status-publish","hentry"],"_links":{"self":[{"href":"https:\/\/metalowiecstalowawola.pl\/index.php\/wp-json\/wp\/v2\/pages\/1928","targetHints":{"allow":["GET"]}}],"collection":[{"href":"https:\/\/metalowiecstalowawola.pl\/index.php\/wp-json\/wp\/v2\/pages"}],"about":[{"href":"https:\/\/metalowiecstalowawola.pl\/index.php\/wp-json\/wp\/v2\/types\/page"}],"author":[{"embeddable":true,"href":"https:\/\/metalowiecstalowawola.pl\/index.php\/wp-json\/wp\/v2\/users\/1"}],"replies":[{"embeddable":true,"href":"https:\/\/metalowiecstalowawola.pl\/index.php\/wp-json\/wp\/v2\/comments?post=1928"}],"version-history":[{"count":6,"href":"https:\/\/metalowiecstalowawola.pl\/index.php\/wp-json\/wp\/v2\/pages\/1928\/revisions"}],"predecessor-version":[{"id":1961,"href":"https:\/\/metalowiecstalowawola.pl\/index.php\/wp-json\/wp\/v2\/pages\/1928\/revisions\/1961"}],"wp:attachment":[{"href":"https:\/\/metalowiecstalowawola.pl\/index.php\/wp-json\/wp\/v2\/media?parent=1928"}],"curies":[{"name":"wp","href":"https:\/\/api.w.org\/{rel}","templated":true}]}}