{"id":1935,"date":"2025-01-23T21:53:41","date_gmt":"2025-01-23T20:53:41","guid":{"rendered":"https:\/\/metalowiecstalowawola.pl\/?page_id=1935"},"modified":"2025-01-23T22:40:27","modified_gmt":"2025-01-23T21:40:27","slug":"wiktoria","status":"publish","type":"page","link":"https:\/\/metalowiecstalowawola.pl\/index.php\/wiktoria\/","title":{"rendered":"Wiktoria"},"content":{"rendered":"<style>.kb-row-layout-id1935_b535bf-ad > .kt-row-column-wrap{align-content:start;}:where(.kb-row-layout-id1935_b535bf-ad > .kt-row-column-wrap) > .wp-block-kadence-column{justify-content:start;}.kb-row-layout-id1935_b535bf-ad > .kt-row-column-wrap{column-gap:var(--global-kb-gap-md, 2rem);row-gap:var(--global-kb-gap-md, 2rem);max-width:600px;margin-left:auto;margin-right:auto;padding-top:150px;padding-right:0px;padding-bottom:120px;padding-left:0px;grid-template-columns:minmax(0, 1fr);}.kb-row-layout-id1935_b535bf-ad > .kt-row-layout-overlay{opacity:0.70;background:linear-gradient(135deg,var(--global-palette9) 0%,rgb(0,167,255) 52%,var(--global-palette9) 100%);}@media all and (max-width: 1024px){.kb-row-layout-id1935_b535bf-ad > .kt-row-column-wrap{padding-top:140px;padding-right:0px;padding-bottom:80px;padding-left:0px;grid-template-columns:minmax(0, 1fr);}}@media all and (max-width: 767px){.kb-row-layout-id1935_b535bf-ad > .kt-row-column-wrap{padding-top:120px;padding-right:20px;padding-bottom:50px;padding-left:20px;grid-template-columns:minmax(0, 1fr);}}<\/style><div class=\"kb-row-layout-wrap kb-row-layout-id1935_b535bf-ad alignnone has-theme-palette8-background-color kt-row-has-bg wp-block-kadence-rowlayout\"><div class=\"kt-row-layout-overlay kt-row-overlay-gradient\"><\/div><div class=\"kt-row-column-wrap kt-has-1-columns kt-row-layout-equal kt-tab-layout-inherit kt-mobile-layout-row kt-row-valign-top\">\n<style>.kadence-column1935_1ca920-51 > .kt-inside-inner-col{padding-top:10px;padding-right:10px;padding-bottom:10px;padding-left:10px;}.kadence-column1935_1ca920-51 > .kt-inside-inner-col,.kadence-column1935_1ca920-51 > .kt-inside-inner-col:before{border-top-left-radius:0px;border-top-right-radius:0px;border-bottom-right-radius:0px;border-bottom-left-radius:0px;}.kadence-column1935_1ca920-51 > .kt-inside-inner-col{column-gap:var(--global-kb-gap-sm, 1rem);}.kadence-column1935_1ca920-51 > .kt-inside-inner-col{flex-direction:column;}.kadence-column1935_1ca920-51 > .kt-inside-inner-col > .aligncenter{width:100%;}.kadence-column1935_1ca920-51 > .kt-inside-inner-col:before{opacity:0.3;}.kadence-column1935_1ca920-51{position:relative;}@media all and (max-width: 1024px){.kadence-column1935_1ca920-51 > .kt-inside-inner-col{flex-direction:column;}}@media all and (max-width: 767px){.kadence-column1935_1ca920-51 > .kt-inside-inner-col{flex-direction:column;}}<\/style>\n<div class=\"wp-block-kadence-column kadence-column1935_1ca920-51 inner-column-1\"><div class=\"kt-inside-inner-col\"><style>.wp-block-kadence-advancedheading.kt-adv-heading1935_05c8a0-ec, .wp-block-kadence-advancedheading.kt-adv-heading1935_05c8a0-ec[data-kb-block=\"kb-adv-heading1935_05c8a0-ec\"]{margin-bottom:22.5px;text-align:center;line-height:1em;font-style:normal;}.wp-block-kadence-advancedheading.kt-adv-heading1935_05c8a0-ec mark.kt-highlight, .wp-block-kadence-advancedheading.kt-adv-heading1935_05c8a0-ec[data-kb-block=\"kb-adv-heading1935_05c8a0-ec\"] mark.kt-highlight{font-style:normal;color:#f76a0c;-webkit-box-decoration-break:clone;box-decoration-break:clone;padding-top:0px;padding-right:0px;padding-bottom:0px;padding-left:0px;}@media all and (max-width: 1024px){.wp-block-kadence-advancedheading.kt-adv-heading1935_05c8a0-ec, .wp-block-kadence-advancedheading.kt-adv-heading1935_05c8a0-ec[data-kb-block=\"kb-adv-heading1935_05c8a0-ec\"]{margin-bottom:17.5px;}}<\/style>\n<h1 class=\"kt-adv-heading1935_05c8a0-ec wp-block-kadence-advancedheading has-theme-palette-3-color has-text-color\" data-kb-block=\"kb-adv-heading1935_05c8a0-ec\">WIKTORIA Sp. z o.o.<\/h1>\n<\/div><\/div>\n\n<\/div><\/div>\n\n<style>.kb-row-layout-id1935_ac7ab2-41 > .kt-row-column-wrap{align-content:start;}:where(.kb-row-layout-id1935_ac7ab2-41 > .kt-row-column-wrap) > .wp-block-kadence-column{justify-content:start;}.kb-row-layout-id1935_ac7ab2-41 > .kt-row-column-wrap{column-gap:var(--global-kb-gap-none, 0rem );row-gap:var(--global-kb-gap-none, 0rem );max-width:var( --global-content-width, 1290px );padding-left:var(--global-content-edge-padding);padding-right:var(--global-content-edge-padding);padding-top:51px;padding-right:0px;padding-bottom:0px;padding-left:0px;grid-template-columns:minmax(0, calc(45% - ((var(--global-kb-gap-none, 0rem ) * 1 )\/2)))minmax(0, calc(55% - ((var(--global-kb-gap-none, 0rem ) * 1 )\/2)));}.kb-row-layout-id1935_ac7ab2-41 > .kt-row-layout-overlay{opacity:0.30;}@media all and (max-width: 1024px){.kb-row-layout-id1935_ac7ab2-41 > .kt-row-column-wrap{padding-top:80px;padding-right:20px;padding-bottom:0px;padding-left:20px;grid-template-columns:minmax(0, 1fr);}}@media all and (max-width: 767px){.kb-row-layout-id1935_ac7ab2-41 > .kt-row-column-wrap{padding-top:60px;padding-right:0px;padding-bottom:0px;padding-left:0px;grid-template-columns:minmax(0, 1fr);}}<\/style><div class=\"kb-row-layout-wrap kb-row-layout-id1935_ac7ab2-41 alignnone wp-block-kadence-rowlayout\"><div class=\"kt-row-column-wrap kt-has-2-columns kt-row-layout-equal kt-tab-layout-row kt-mobile-layout-row kt-row-valign-top kb-theme-content-width\">\n<style>.kadence-column1935_1aaae2-76 > .kt-inside-inner-col{padding-top:10px;padding-right:10px;padding-bottom:10px;padding-left:10px;}.kadence-column1935_1aaae2-76 > .kt-inside-inner-col,.kadence-column1935_1aaae2-76 > .kt-inside-inner-col:before{border-top-left-radius:0px;border-top-right-radius:0px;border-bottom-right-radius:0px;border-bottom-left-radius:0px;}.kadence-column1935_1aaae2-76 > .kt-inside-inner-col{column-gap:var(--global-kb-gap-sm, 1rem);}.kadence-column1935_1aaae2-76 > .kt-inside-inner-col{flex-direction:column;}.kadence-column1935_1aaae2-76 > .kt-inside-inner-col > .aligncenter{width:100%;}.kadence-column1935_1aaae2-76 > .kt-inside-inner-col:before{opacity:0.3;}.kadence-column1935_1aaae2-76{position:relative;}@media all and (max-width: 1024px){.kadence-column1935_1aaae2-76 > .kt-inside-inner-col{flex-direction:column;}}@media all and (max-width: 767px){.kadence-column1935_1aaae2-76 > .kt-inside-inner-col{flex-direction:column;}}<\/style>\n<div class=\"wp-block-kadence-column kadence-column1935_1aaae2-76 inner-column-1\"><div class=\"kt-inside-inner-col\"><style>.kb-image1935_4d6199-52 .kb-image-has-overlay:after{opacity:0.3;}<\/style>\n<div class=\"wp-block-kadence-image kb-image1935_4d6199-52\"><figure class=\"aligncenter\"><a href=\"https:\/\/ekosanstw.pl\/\" class=\"kb-advanced-image-link\"><img loading=\"lazy\" decoding=\"async\" width=\"270\" height=\"88\" src=\"https:\/\/metalowiecstalowawola.pl\/wp-content\/uploads\/2024\/11\/270x152.jpg\" alt=\"\" class=\"kb-img wp-image-1411\"\/><\/a><\/figure><\/div>\n<\/div><\/div>\n\n\n<style>.kadence-column1935_490606-7d > .kt-inside-inner-col{padding-top:10px;padding-right:10px;padding-bottom:10px;padding-left:10px;}.kadence-column1935_490606-7d > .kt-inside-inner-col,.kadence-column1935_490606-7d > .kt-inside-inner-col:before{border-top-left-radius:0px;border-top-right-radius:0px;border-bottom-right-radius:0px;border-bottom-left-radius:0px;}.kadence-column1935_490606-7d > .kt-inside-inner-col{column-gap:var(--global-kb-gap-sm, 1rem);}.kadence-column1935_490606-7d > .kt-inside-inner-col{flex-direction:column;}.kadence-column1935_490606-7d > .kt-inside-inner-col > .aligncenter{width:100%;}.kadence-column1935_490606-7d > .kt-inside-inner-col:before{opacity:0.3;}.kadence-column1935_490606-7d{position:relative;}@media all and (max-width: 1024px){.kadence-column1935_490606-7d > .kt-inside-inner-col{flex-direction:column;}}@media all and (max-width: 767px){.kadence-column1935_490606-7d > .kt-inside-inner-col{flex-direction:column;}}<\/style>\n<div class=\"wp-block-kadence-column kadence-column1935_490606-7d inner-column-2\"><div class=\"kt-inside-inner-col\"><style>.wp-block-kadence-advancedheading.kt-adv-heading1935_2f72a9-1b, .wp-block-kadence-advancedheading.kt-adv-heading1935_2f72a9-1b[data-kb-block=\"kb-adv-heading1935_2f72a9-1b\"]{font-size:24px;font-style:normal;color:#000000;}.wp-block-kadence-advancedheading.kt-adv-heading1935_2f72a9-1b mark.kt-highlight, .wp-block-kadence-advancedheading.kt-adv-heading1935_2f72a9-1b[data-kb-block=\"kb-adv-heading1935_2f72a9-1b\"] mark.kt-highlight{font-style:normal;color:#f76a0c;-webkit-box-decoration-break:clone;box-decoration-break:clone;padding-top:0px;padding-right:0px;padding-bottom:0px;padding-left:0px;}<\/style>\n<h2 class=\"kt-adv-heading1935_2f72a9-1b wp-block-kadence-advancedheading\" data-kb-block=\"kb-adv-heading1935_2f72a9-1b\">WIKTORIA Sp. z o.o.<\/h2>\n\n\n<style>.wp-block-kadence-advancedheading.kt-adv-heading1935_a98675-5c, .wp-block-kadence-advancedheading.kt-adv-heading1935_a98675-5c[data-kb-block=\"kb-adv-heading1935_a98675-5c\"]{font-style:normal;}.wp-block-kadence-advancedheading.kt-adv-heading1935_a98675-5c mark.kt-highlight, .wp-block-kadence-advancedheading.kt-adv-heading1935_a98675-5c[data-kb-block=\"kb-adv-heading1935_a98675-5c\"] mark.kt-highlight{font-style:normal;color:#f76a0c;-webkit-box-decoration-break:clone;box-decoration-break:clone;padding-top:0px;padding-right:0px;padding-bottom:0px;padding-left:0px;}<\/style>\n<p class=\"kt-adv-heading1935_a98675-5c wp-block-kadence-advancedheading has-theme-palette-1-color has-text-color\" data-kb-block=\"kb-adv-heading1935_a98675-5c\"><strong>Lokalizacja:<\/strong>\u00a0ul. 1-go Sierpnia 12, Parter<br><strong><strong>Kontakt:<\/strong><\/strong> 602\u00a0378 083 \/ <a href=\"http:\/\/www.wiktoriafinanse.pl\">www.wiktoriafinanse.pl<\/a> \/ <a href=\"mailto:wgalek@interia.pl\">wgalek@interia.pl<\/a><\/p>\n<\/div><\/div>\n\n<\/div><\/div>\n\n<style>.kb-row-layout-id1935_85d093-a6 > .kt-row-column-wrap{align-content:start;}:where(.kb-row-layout-id1935_85d093-a6 > .kt-row-column-wrap) > .wp-block-kadence-column{justify-content:start;}.kb-row-layout-id1935_85d093-a6 > .kt-row-column-wrap{column-gap:var(--global-kb-gap-md, 2rem);row-gap:var(--global-kb-gap-md, 2rem);max-width:var( --global-content-width, 1290px );padding-left:var(--global-content-edge-padding);padding-right:var(--global-content-edge-padding);padding-top:15px;padding-right:0px;padding-bottom:15px;padding-left:0px;grid-template-columns:minmax(0, 1fr);}.kb-row-layout-id1935_85d093-a6 > .kt-row-layout-overlay{opacity:0.30;}@media all and (max-width: 1024px){.kb-row-layout-id1935_85d093-a6 > .kt-row-column-wrap{padding-top:0px;padding-right:30px;padding-bottom:70px;padding-left:30px;grid-template-columns:minmax(0, 1fr);}}@media all and (max-width: 767px){.kb-row-layout-id1935_85d093-a6 > .kt-row-column-wrap{padding-top:20px;padding-right:20px;padding-bottom:60px;padding-left:20px;grid-template-columns:minmax(0, 1fr);}}<\/style><div class=\"kb-row-layout-wrap kb-row-layout-id1935_85d093-a6 alignnone wp-block-kadence-rowlayout\"><div class=\"kt-row-column-wrap kt-has-1-columns kt-row-layout-equal kt-tab-layout-inherit kt-mobile-layout-row kt-row-valign-top kb-theme-content-width\">\n<style>.kadence-column1935_b6bdc2-71 > .kt-inside-inner-col,.kadence-column1935_b6bdc2-71 > .kt-inside-inner-col:before{border-top-left-radius:0px;border-top-right-radius:0px;border-bottom-right-radius:0px;border-bottom-left-radius:0px;}.kadence-column1935_b6bdc2-71 > .kt-inside-inner-col{column-gap:var(--global-kb-gap-sm, 1rem);}.kadence-column1935_b6bdc2-71 > .kt-inside-inner-col{flex-direction:column;}.kadence-column1935_b6bdc2-71 > .kt-inside-inner-col > .aligncenter{width:100%;}.kadence-column1935_b6bdc2-71 > .kt-inside-inner-col:before{opacity:0.3;}.kadence-column1935_b6bdc2-71{position:relative;}@media all and (max-width: 1024px){.kadence-column1935_b6bdc2-71 > .kt-inside-inner-col{flex-direction:column;}}@media all and (max-width: 767px){.kadence-column1935_b6bdc2-71 > .kt-inside-inner-col{flex-direction:column;}}<\/style>\n<div class=\"wp-block-kadence-column kadence-column1935_b6bdc2-71\"><div class=\"kt-inside-inner-col\"><style>.wp-block-kadence-advancedheading.kt-adv-heading1935_4d6b80-28, .wp-block-kadence-advancedheading.kt-adv-heading1935_4d6b80-28[data-kb-block=\"kb-adv-heading1935_4d6b80-28\"]{font-size:24px;font-style:normal;}.wp-block-kadence-advancedheading.kt-adv-heading1935_4d6b80-28 mark.kt-highlight, .wp-block-kadence-advancedheading.kt-adv-heading1935_4d6b80-28[data-kb-block=\"kb-adv-heading1935_4d6b80-28\"] mark.kt-highlight{font-style:normal;color:#f76a0c;-webkit-box-decoration-break:clone;box-decoration-break:clone;padding-top:0px;padding-right:0px;padding-bottom:0px;padding-left:0px;}<\/style>\n<h2 class=\"kt-adv-heading1935_4d6b80-28 wp-block-kadence-advancedheading\" data-kb-block=\"kb-adv-heading1935_4d6b80-28\">Opis Firmy:<\/h2>\n<\/div><\/div>\n\n<\/div><\/div>\n\n<style>.kb-row-layout-id1935_c3d726-b1 > .kt-row-column-wrap{align-content:start;}:where(.kb-row-layout-id1935_c3d726-b1 > .kt-row-column-wrap) > .wp-block-kadence-column{justify-content:start;}.kb-row-layout-id1935_c3d726-b1 > .kt-row-column-wrap{column-gap:var(--global-kb-gap-md, 2rem);row-gap:var(--global-kb-gap-md, 2rem);max-width:var( --global-content-width, 1290px );padding-left:var(--global-content-edge-padding);padding-right:var(--global-content-edge-padding);padding-top:15px;padding-right:0px;padding-bottom:50px;padding-left:0px;grid-template-columns:minmax(0, 1fr);}.kb-row-layout-id1935_c3d726-b1 > .kt-row-layout-overlay{opacity:0.30;}@media all and (max-width: 1024px){.kb-row-layout-id1935_c3d726-b1 > .kt-row-column-wrap{padding-top:0px;padding-right:30px;padding-bottom:70px;padding-left:30px;grid-template-columns:minmax(0, 1fr);}}@media all and (max-width: 767px){.kb-row-layout-id1935_c3d726-b1 > .kt-row-column-wrap{padding-top:20px;padding-right:20px;padding-bottom:60px;padding-left:20px;grid-template-columns:minmax(0, 1fr);}}<\/style><div class=\"kb-row-layout-wrap kb-row-layout-id1935_c3d726-b1 alignnone wp-block-kadence-rowlayout\"><div class=\"kt-row-column-wrap kt-has-1-columns kt-row-layout-equal kt-tab-layout-inherit kt-mobile-layout-row kt-row-valign-top kb-theme-content-width\">\n<style>.kadence-column1935_db3d20-34 > .kt-inside-inner-col,.kadence-column1935_db3d20-34 > .kt-inside-inner-col:before{border-top-left-radius:0px;border-top-right-radius:0px;border-bottom-right-radius:0px;border-bottom-left-radius:0px;}.kadence-column1935_db3d20-34 > .kt-inside-inner-col{column-gap:var(--global-kb-gap-sm, 1rem);}.kadence-column1935_db3d20-34 > .kt-inside-inner-col{flex-direction:column;}.kadence-column1935_db3d20-34 > .kt-inside-inner-col > .aligncenter{width:100%;}.kadence-column1935_db3d20-34 > .kt-inside-inner-col:before{opacity:0.3;}.kadence-column1935_db3d20-34{position:relative;}@media all and (max-width: 1024px){.kadence-column1935_db3d20-34 > .kt-inside-inner-col{flex-direction:column;}}@media all and (max-width: 767px){.kadence-column1935_db3d20-34 > .kt-inside-inner-col{flex-direction:column;}}<\/style>\n<div class=\"wp-block-kadence-column kadence-column1935_db3d20-34\"><div class=\"kt-inside-inner-col\"><style>.wp-block-kadence-advancedheading.kt-adv-heading1935_52da4d-61, .wp-block-kadence-advancedheading.kt-adv-heading1935_52da4d-61[data-kb-block=\"kb-adv-heading1935_52da4d-61\"]{font-size:var(--global-kb-font-size-md, 1.25rem);font-style:normal;}.wp-block-kadence-advancedheading.kt-adv-heading1935_52da4d-61 mark.kt-highlight, .wp-block-kadence-advancedheading.kt-adv-heading1935_52da4d-61[data-kb-block=\"kb-adv-heading1935_52da4d-61\"] mark.kt-highlight{font-style:normal;color:#f76a0c;-webkit-box-decoration-break:clone;box-decoration-break:clone;padding-top:0px;padding-right:0px;padding-bottom:0px;padding-left:0px;}<\/style>\n<p class=\"kt-adv-heading1935_52da4d-61 wp-block-kadence-advancedheading\" data-kb-block=\"kb-adv-heading1935_52da4d-61\">Jeste\u015bmy firm\u0105 dzia\u0142aj\u0105c\u0105 w bran\u017cy ubezpieczeniowej od 1992 roku.<br>Wsp\u00f3\u0142pracujemy z wiod\u0105cymi Towarzystwami Ubezpieczeniowymi na polskim rynku.<br>Zapraszamy do naszego biura na bezp\u0142atn\u0105 porad\u0119 od poniedzia\u0142ku do pi\u0105tku w godzinach 7:30 -17:00<\/p>\n<\/div><\/div>\n\n<\/div><\/div>","protected":false},"excerpt":{"rendered":"<p>WIKTORIA Sp. z o.o. WIKTORIA Sp. z o.o. Lokalizacja:\u00a0ul. 1-go Sierpnia 12, ParterKontakt: 602\u00a0378 083 \/ www.wiktoriafinanse.pl \/ wgalek@interia.pl Opis Firmy: Jeste\u015bmy firm\u0105 dzia\u0142aj\u0105c\u0105 w bran\u017cy ubezpieczeniowej od 1992 roku.Wsp\u00f3\u0142pracujemy z wiod\u0105cymi Towarzystwami Ubezpieczeniowymi na polskim rynku.Zapraszamy do naszego biura na bezp\u0142atn\u0105 porad\u0119 od poniedzia\u0142ku do pi\u0105tku w godzinach 7:30 -17:00<\/p>\n","protected":false},"author":1,"featured_media":0,"parent":0,"menu_order":0,"comment_status":"closed","ping_status":"closed","template":"","meta":{"_kadence_starter_templates_imported_post":true,"_kad_post_transparent":"","_kad_post_title":"hide","_kad_post_layout":"fullwidth","_kad_post_sidebar_id":"","_kad_post_content_style":"unboxed","_kad_post_vertical_padding":"hide","_kad_post_feature":"hide","_kad_post_feature_position":"","_kad_post_header":false,"_kad_post_footer":false,"footnotes":""},"class_list":["post-1935","page","type-page","status-publish","hentry"],"_links":{"self":[{"href":"https:\/\/metalowiecstalowawola.pl\/index.php\/wp-json\/wp\/v2\/pages\/1935","targetHints":{"allow":["GET"]}}],"collection":[{"href":"https:\/\/metalowiecstalowawola.pl\/index.php\/wp-json\/wp\/v2\/pages"}],"about":[{"href":"https:\/\/metalowiecstalowawola.pl\/index.php\/wp-json\/wp\/v2\/types\/page"}],"author":[{"embeddable":true,"href":"https:\/\/metalowiecstalowawola.pl\/index.php\/wp-json\/wp\/v2\/users\/1"}],"replies":[{"embeddable":true,"href":"https:\/\/metalowiecstalowawola.pl\/index.php\/wp-json\/wp\/v2\/comments?post=1935"}],"version-history":[{"count":2,"href":"https:\/\/metalowiecstalowawola.pl\/index.php\/wp-json\/wp\/v2\/pages\/1935\/revisions"}],"predecessor-version":[{"id":1938,"href":"https:\/\/metalowiecstalowawola.pl\/index.php\/wp-json\/wp\/v2\/pages\/1935\/revisions\/1938"}],"wp:attachment":[{"href":"https:\/\/metalowiecstalowawola.pl\/index.php\/wp-json\/wp\/v2\/media?parent=1935"}],"curies":[{"name":"wp","href":"https:\/\/api.w.org\/{rel}","templated":true}]}}