{"id":1954,"date":"2025-01-23T23:35:40","date_gmt":"2025-01-23T22:35:40","guid":{"rendered":"https:\/\/metalowiecstalowawola.pl\/?page_id=1954"},"modified":"2025-01-23T23:37:28","modified_gmt":"2025-01-23T22:37:28","slug":"uchomed","status":"publish","type":"page","link":"https:\/\/metalowiecstalowawola.pl\/index.php\/uchomed\/","title":{"rendered":"Uchomed"},"content":{"rendered":"<style>.kb-row-layout-id1954_d6c948-99 > .kt-row-column-wrap{align-content:start;}:where(.kb-row-layout-id1954_d6c948-99 > .kt-row-column-wrap) > .wp-block-kadence-column{justify-content:start;}.kb-row-layout-id1954_d6c948-99 > .kt-row-column-wrap{column-gap:var(--global-kb-gap-md, 2rem);row-gap:var(--global-kb-gap-md, 2rem);max-width:600px;margin-left:auto;margin-right:auto;padding-top:150px;padding-right:0px;padding-bottom:120px;padding-left:0px;grid-template-columns:minmax(0, 1fr);}.kb-row-layout-id1954_d6c948-99 > .kt-row-layout-overlay{opacity:0.70;background:linear-gradient(135deg,var(--global-palette9) 0%,rgb(0,167,255) 53%,var(--global-palette9) 100%);}@media all and (max-width: 1024px){.kb-row-layout-id1954_d6c948-99 > .kt-row-column-wrap{padding-top:140px;padding-right:0px;padding-bottom:80px;padding-left:0px;grid-template-columns:minmax(0, 1fr);}}@media all and (max-width: 767px){.kb-row-layout-id1954_d6c948-99 > .kt-row-column-wrap{padding-top:120px;padding-right:20px;padding-bottom:50px;padding-left:20px;grid-template-columns:minmax(0, 1fr);}}<\/style><div class=\"kb-row-layout-wrap kb-row-layout-id1954_d6c948-99 alignnone has-theme-palette8-background-color kt-row-has-bg wp-block-kadence-rowlayout\"><div class=\"kt-row-layout-overlay kt-row-overlay-gradient\"><\/div><div class=\"kt-row-column-wrap kt-has-1-columns kt-row-layout-equal kt-tab-layout-inherit kt-mobile-layout-row kt-row-valign-top\">\n<style>.kadence-column1954_ffc982-ff > .kt-inside-inner-col{padding-top:10px;padding-right:10px;padding-bottom:10px;padding-left:10px;}.kadence-column1954_ffc982-ff > .kt-inside-inner-col,.kadence-column1954_ffc982-ff > .kt-inside-inner-col:before{border-top-left-radius:0px;border-top-right-radius:0px;border-bottom-right-radius:0px;border-bottom-left-radius:0px;}.kadence-column1954_ffc982-ff > .kt-inside-inner-col{column-gap:var(--global-kb-gap-sm, 1rem);}.kadence-column1954_ffc982-ff > .kt-inside-inner-col{flex-direction:column;}.kadence-column1954_ffc982-ff > .kt-inside-inner-col > .aligncenter{width:100%;}.kadence-column1954_ffc982-ff > .kt-inside-inner-col:before{opacity:0.3;}.kadence-column1954_ffc982-ff{position:relative;}@media all and (max-width: 1024px){.kadence-column1954_ffc982-ff > .kt-inside-inner-col{flex-direction:column;}}@media all and (max-width: 767px){.kadence-column1954_ffc982-ff > .kt-inside-inner-col{flex-direction:column;}}<\/style>\n<div class=\"wp-block-kadence-column kadence-column1954_ffc982-ff inner-column-1\"><div class=\"kt-inside-inner-col\"><style>.wp-block-kadence-advancedheading.kt-adv-heading1954_bfd09c-44, .wp-block-kadence-advancedheading.kt-adv-heading1954_bfd09c-44[data-kb-block=\"kb-adv-heading1954_bfd09c-44\"]{margin-bottom:22.5px;text-align:center;line-height:1em;font-style:normal;}.wp-block-kadence-advancedheading.kt-adv-heading1954_bfd09c-44 mark.kt-highlight, .wp-block-kadence-advancedheading.kt-adv-heading1954_bfd09c-44[data-kb-block=\"kb-adv-heading1954_bfd09c-44\"] mark.kt-highlight{font-style:normal;color:#f76a0c;-webkit-box-decoration-break:clone;box-decoration-break:clone;padding-top:0px;padding-right:0px;padding-bottom:0px;padding-left:0px;}@media all and (max-width: 1024px){.wp-block-kadence-advancedheading.kt-adv-heading1954_bfd09c-44, .wp-block-kadence-advancedheading.kt-adv-heading1954_bfd09c-44[data-kb-block=\"kb-adv-heading1954_bfd09c-44\"]{margin-bottom:17.5px;}}<\/style>\n<h1 class=\"kt-adv-heading1954_bfd09c-44 wp-block-kadence-advancedheading\" data-kb-block=\"kb-adv-heading1954_bfd09c-44\">Uchomed<\/h1>\n<\/div><\/div>\n\n<\/div><\/div>\n\n<style>.kb-row-layout-id1954_afe307-6f > .kt-row-column-wrap{align-content:start;}:where(.kb-row-layout-id1954_afe307-6f > .kt-row-column-wrap) > .wp-block-kadence-column{justify-content:start;}.kb-row-layout-id1954_afe307-6f > .kt-row-column-wrap{column-gap:var(--global-kb-gap-none, 0rem );row-gap:var(--global-kb-gap-none, 0rem );max-width:var( --global-content-width, 1290px );padding-left:var(--global-content-edge-padding);padding-right:var(--global-content-edge-padding);padding-top:51px;padding-right:0px;padding-bottom:0px;padding-left:0px;grid-template-columns:minmax(0, calc(45% - ((var(--global-kb-gap-none, 0rem ) * 1 )\/2)))minmax(0, calc(55% - ((var(--global-kb-gap-none, 0rem ) * 1 )\/2)));}.kb-row-layout-id1954_afe307-6f > .kt-row-layout-overlay{opacity:0.30;}@media all and (max-width: 1024px){.kb-row-layout-id1954_afe307-6f > .kt-row-column-wrap{padding-top:80px;padding-right:20px;padding-bottom:0px;padding-left:20px;grid-template-columns:minmax(0, 1fr);}}@media all and (max-width: 767px){.kb-row-layout-id1954_afe307-6f > .kt-row-column-wrap{padding-top:60px;padding-right:0px;padding-bottom:0px;padding-left:0px;grid-template-columns:minmax(0, 1fr);}}<\/style><div class=\"kb-row-layout-wrap kb-row-layout-id1954_afe307-6f alignnone wp-block-kadence-rowlayout\"><div class=\"kt-row-column-wrap kt-has-2-columns kt-row-layout-equal kt-tab-layout-row kt-mobile-layout-row kt-row-valign-top kb-theme-content-width\">\n<style>.kadence-column1954_91ceb2-a3 > .kt-inside-inner-col{padding-top:10px;padding-right:10px;padding-bottom:10px;padding-left:10px;}.kadence-column1954_91ceb2-a3 > .kt-inside-inner-col,.kadence-column1954_91ceb2-a3 > .kt-inside-inner-col:before{border-top-left-radius:0px;border-top-right-radius:0px;border-bottom-right-radius:0px;border-bottom-left-radius:0px;}.kadence-column1954_91ceb2-a3 > .kt-inside-inner-col{column-gap:var(--global-kb-gap-sm, 1rem);}.kadence-column1954_91ceb2-a3 > .kt-inside-inner-col{flex-direction:column;}.kadence-column1954_91ceb2-a3 > .kt-inside-inner-col > .aligncenter{width:100%;}.kadence-column1954_91ceb2-a3 > .kt-inside-inner-col:before{opacity:0.3;}.kadence-column1954_91ceb2-a3{position:relative;}@media all and (max-width: 1024px){.kadence-column1954_91ceb2-a3 > .kt-inside-inner-col{flex-direction:column;}}@media all and (max-width: 767px){.kadence-column1954_91ceb2-a3 > .kt-inside-inner-col{flex-direction:column;}}<\/style>\n<div class=\"wp-block-kadence-column kadence-column1954_91ceb2-a3 inner-column-1\"><div class=\"kt-inside-inner-col\"><style>.kb-image1954_5838d7-06 .kb-image-has-overlay:after{opacity:0.3;}<\/style>\n<div class=\"wp-block-kadence-image kb-image1954_5838d7-06\"><figure class=\"aligncenter size-medium\"><a href=\"https:\/\/ekosanstw.pl\/\" class=\"kb-advanced-image-link\"><img loading=\"lazy\" decoding=\"async\" width=\"300\" height=\"115\" src=\"https:\/\/metalowiecstalowawola.pl\/wp-content\/uploads\/2025\/01\/logouchomed-300x115.jpg\" class=\"kb-img wp-image-1953\" srcset=\"https:\/\/metalowiecstalowawola.pl\/wp-content\/uploads\/2025\/01\/logouchomed-300x115.jpg 300w, https:\/\/metalowiecstalowawola.pl\/wp-content\/uploads\/2025\/01\/logouchomed-1024x394.jpg 1024w, https:\/\/metalowiecstalowawola.pl\/wp-content\/uploads\/2025\/01\/logouchomed-768x295.jpg 768w, https:\/\/metalowiecstalowawola.pl\/wp-content\/uploads\/2025\/01\/logouchomed-1536x590.jpg 1536w, https:\/\/metalowiecstalowawola.pl\/wp-content\/uploads\/2025\/01\/logouchomed.jpg 1600w\" sizes=\"auto, (max-width: 300px) 100vw, 300px\" \/><\/a><\/figure><\/div>\n<\/div><\/div>\n\n\n<style>.kadence-column1954_580709-4d > .kt-inside-inner-col{padding-top:10px;padding-right:10px;padding-bottom:10px;padding-left:10px;}.kadence-column1954_580709-4d > .kt-inside-inner-col,.kadence-column1954_580709-4d > .kt-inside-inner-col:before{border-top-left-radius:0px;border-top-right-radius:0px;border-bottom-right-radius:0px;border-bottom-left-radius:0px;}.kadence-column1954_580709-4d > .kt-inside-inner-col{column-gap:var(--global-kb-gap-sm, 1rem);}.kadence-column1954_580709-4d > .kt-inside-inner-col{flex-direction:column;}.kadence-column1954_580709-4d > .kt-inside-inner-col > .aligncenter{width:100%;}.kadence-column1954_580709-4d > .kt-inside-inner-col:before{opacity:0.3;}.kadence-column1954_580709-4d{position:relative;}@media all and (max-width: 1024px){.kadence-column1954_580709-4d > .kt-inside-inner-col{flex-direction:column;}}@media all and (max-width: 767px){.kadence-column1954_580709-4d > .kt-inside-inner-col{flex-direction:column;}}<\/style>\n<div class=\"wp-block-kadence-column kadence-column1954_580709-4d inner-column-2\"><div class=\"kt-inside-inner-col\"><style>.wp-block-kadence-advancedheading.kt-adv-heading1954_6f289a-6e, .wp-block-kadence-advancedheading.kt-adv-heading1954_6f289a-6e[data-kb-block=\"kb-adv-heading1954_6f289a-6e\"]{font-size:24px;font-style:normal;color:#000000;}.wp-block-kadence-advancedheading.kt-adv-heading1954_6f289a-6e mark.kt-highlight, .wp-block-kadence-advancedheading.kt-adv-heading1954_6f289a-6e[data-kb-block=\"kb-adv-heading1954_6f289a-6e\"] mark.kt-highlight{font-style:normal;color:#f76a0c;-webkit-box-decoration-break:clone;box-decoration-break:clone;padding-top:0px;padding-right:0px;padding-bottom:0px;padding-left:0px;}<\/style>\n<h2 class=\"kt-adv-heading1954_6f289a-6e wp-block-kadence-advancedheading\" data-kb-block=\"kb-adv-heading1954_6f289a-6e\"><strong>Uchomed<\/strong><\/h2>\n\n\n<style>.wp-block-kadence-advancedheading.kt-adv-heading1954_1af2d1-71, .wp-block-kadence-advancedheading.kt-adv-heading1954_1af2d1-71[data-kb-block=\"kb-adv-heading1954_1af2d1-71\"]{font-style:normal;}.wp-block-kadence-advancedheading.kt-adv-heading1954_1af2d1-71 mark.kt-highlight, .wp-block-kadence-advancedheading.kt-adv-heading1954_1af2d1-71[data-kb-block=\"kb-adv-heading1954_1af2d1-71\"] mark.kt-highlight{font-style:normal;color:#f76a0c;-webkit-box-decoration-break:clone;box-decoration-break:clone;padding-top:0px;padding-right:0px;padding-bottom:0px;padding-left:0px;}<\/style>\n<p class=\"kt-adv-heading1954_1af2d1-71 wp-block-kadence-advancedheading has-theme-palette-3-color has-text-color\" data-kb-block=\"kb-adv-heading1954_1af2d1-71\"><strong>Lokalizacja:<\/strong> \u00a0lok. 610, VI pi\u0119tro.<br><strong><strong>Kontakt:<\/strong><\/strong> 17 225 5988, 600 278427, <a href=\"http:\/\/www.uchomed.pl\">www.uchomed.pl<\/a>, mail: <a href=\"mailto:uchomed@wp.pl\">uchomed@wp.pl<\/a><\/p>\n<\/div><\/div>\n\n<\/div><\/div>\n\n<style>.kb-row-layout-id1954_6cec33-fd > .kt-row-column-wrap{align-content:start;}:where(.kb-row-layout-id1954_6cec33-fd > .kt-row-column-wrap) > .wp-block-kadence-column{justify-content:start;}.kb-row-layout-id1954_6cec33-fd > .kt-row-column-wrap{column-gap:var(--global-kb-gap-md, 2rem);row-gap:var(--global-kb-gap-md, 2rem);max-width:var( --global-content-width, 1290px );padding-left:var(--global-content-edge-padding);padding-right:var(--global-content-edge-padding);padding-top:15px;padding-right:0px;padding-bottom:15px;padding-left:0px;grid-template-columns:minmax(0, 1fr);}.kb-row-layout-id1954_6cec33-fd > .kt-row-layout-overlay{opacity:0.30;}@media all and (max-width: 1024px){.kb-row-layout-id1954_6cec33-fd > .kt-row-column-wrap{padding-top:0px;padding-right:30px;padding-bottom:70px;padding-left:30px;grid-template-columns:minmax(0, 1fr);}}@media all and (max-width: 767px){.kb-row-layout-id1954_6cec33-fd > .kt-row-column-wrap{padding-top:20px;padding-right:20px;padding-bottom:60px;padding-left:20px;grid-template-columns:minmax(0, 1fr);}}<\/style><div class=\"kb-row-layout-wrap kb-row-layout-id1954_6cec33-fd alignnone wp-block-kadence-rowlayout\"><div class=\"kt-row-column-wrap kt-has-1-columns kt-row-layout-equal kt-tab-layout-inherit kt-mobile-layout-row kt-row-valign-top kb-theme-content-width\">\n<style>.kadence-column1954_669e9a-27 > .kt-inside-inner-col,.kadence-column1954_669e9a-27 > .kt-inside-inner-col:before{border-top-left-radius:0px;border-top-right-radius:0px;border-bottom-right-radius:0px;border-bottom-left-radius:0px;}.kadence-column1954_669e9a-27 > .kt-inside-inner-col{column-gap:var(--global-kb-gap-sm, 1rem);}.kadence-column1954_669e9a-27 > .kt-inside-inner-col{flex-direction:column;}.kadence-column1954_669e9a-27 > .kt-inside-inner-col > .aligncenter{width:100%;}.kadence-column1954_669e9a-27 > .kt-inside-inner-col:before{opacity:0.3;}.kadence-column1954_669e9a-27{position:relative;}@media all and (max-width: 1024px){.kadence-column1954_669e9a-27 > .kt-inside-inner-col{flex-direction:column;}}@media all and (max-width: 767px){.kadence-column1954_669e9a-27 > .kt-inside-inner-col{flex-direction:column;}}<\/style>\n<div class=\"wp-block-kadence-column kadence-column1954_669e9a-27\"><div class=\"kt-inside-inner-col\"><style>.wp-block-kadence-advancedheading.kt-adv-heading1954_a29986-e4, .wp-block-kadence-advancedheading.kt-adv-heading1954_a29986-e4[data-kb-block=\"kb-adv-heading1954_a29986-e4\"]{font-size:24px;font-style:normal;}.wp-block-kadence-advancedheading.kt-adv-heading1954_a29986-e4 mark.kt-highlight, .wp-block-kadence-advancedheading.kt-adv-heading1954_a29986-e4[data-kb-block=\"kb-adv-heading1954_a29986-e4\"] mark.kt-highlight{font-style:normal;color:#f76a0c;-webkit-box-decoration-break:clone;box-decoration-break:clone;padding-top:0px;padding-right:0px;padding-bottom:0px;padding-left:0px;}<\/style>\n<h2 class=\"kt-adv-heading1954_a29986-e4 wp-block-kadence-advancedheading\" data-kb-block=\"kb-adv-heading1954_a29986-e4\">Opis Firmy:<\/h2>\n<\/div><\/div>\n\n<\/div><\/div>\n\n<style>.kb-row-layout-id1954_3abf04-f2 > .kt-row-column-wrap{align-content:start;}:where(.kb-row-layout-id1954_3abf04-f2 > .kt-row-column-wrap) > .wp-block-kadence-column{justify-content:start;}.kb-row-layout-id1954_3abf04-f2 > .kt-row-column-wrap{column-gap:var(--global-kb-gap-md, 2rem);row-gap:var(--global-kb-gap-md, 2rem);max-width:var( --global-content-width, 1290px );padding-left:var(--global-content-edge-padding);padding-right:var(--global-content-edge-padding);padding-top:15px;padding-right:0px;padding-bottom:50px;padding-left:0px;grid-template-columns:minmax(0, 1fr);}.kb-row-layout-id1954_3abf04-f2 > .kt-row-layout-overlay{opacity:0.30;}@media all and (max-width: 1024px){.kb-row-layout-id1954_3abf04-f2 > .kt-row-column-wrap{padding-top:0px;padding-right:30px;padding-bottom:70px;padding-left:30px;grid-template-columns:minmax(0, 1fr);}}@media all and (max-width: 767px){.kb-row-layout-id1954_3abf04-f2 > .kt-row-column-wrap{padding-top:20px;padding-right:20px;padding-bottom:60px;padding-left:20px;grid-template-columns:minmax(0, 1fr);}}<\/style><div class=\"kb-row-layout-wrap kb-row-layout-id1954_3abf04-f2 alignnone wp-block-kadence-rowlayout\"><div class=\"kt-row-column-wrap kt-has-1-columns kt-row-layout-equal kt-tab-layout-inherit kt-mobile-layout-row kt-row-valign-top kb-theme-content-width\">\n<style>.kadence-column1954_cf24c6-24 > .kt-inside-inner-col,.kadence-column1954_cf24c6-24 > .kt-inside-inner-col:before{border-top-left-radius:0px;border-top-right-radius:0px;border-bottom-right-radius:0px;border-bottom-left-radius:0px;}.kadence-column1954_cf24c6-24 > .kt-inside-inner-col{column-gap:var(--global-kb-gap-sm, 1rem);}.kadence-column1954_cf24c6-24 > .kt-inside-inner-col{flex-direction:column;}.kadence-column1954_cf24c6-24 > .kt-inside-inner-col > .aligncenter{width:100%;}.kadence-column1954_cf24c6-24 > .kt-inside-inner-col:before{opacity:0.3;}.kadence-column1954_cf24c6-24{position:relative;}@media all and (max-width: 1024px){.kadence-column1954_cf24c6-24 > .kt-inside-inner-col{flex-direction:column;}}@media all and (max-width: 767px){.kadence-column1954_cf24c6-24 > .kt-inside-inner-col{flex-direction:column;}}<\/style>\n<div class=\"wp-block-kadence-column kadence-column1954_cf24c6-24\"><div class=\"kt-inside-inner-col\"><style>.wp-block-kadence-advancedheading.kt-adv-heading1954_430859-24, .wp-block-kadence-advancedheading.kt-adv-heading1954_430859-24[data-kb-block=\"kb-adv-heading1954_430859-24\"]{font-size:var(--global-kb-font-size-md, 1.25rem);font-style:normal;}.wp-block-kadence-advancedheading.kt-adv-heading1954_430859-24 mark.kt-highlight, .wp-block-kadence-advancedheading.kt-adv-heading1954_430859-24[data-kb-block=\"kb-adv-heading1954_430859-24\"] mark.kt-highlight{font-style:normal;color:#f76a0c;-webkit-box-decoration-break:clone;box-decoration-break:clone;padding-top:0px;padding-right:0px;padding-bottom:0px;padding-left:0px;}<\/style>\n<p class=\"kt-adv-heading1954_430859-24 wp-block-kadence-advancedheading\" data-kb-block=\"kb-adv-heading1954_430859-24\">Zapraszamy do oddzia\u0142u naszej firmy w Stalowej Woli. Nasza firma posiada ponad dwudziestoletnie do\u015bwiadczenie w bran\u017cy. Oferujemy bezp\u0142atne badanie s\u0142uchu, dopasowanie aparat\u00f3w s\u0142uchowych, wyr\u00f3b wk\u0142adek usznych i sprzeda\u017c akcesori\u00f3w do aparatu s\u0142uchowego. Posiadamy w ofercie aparaty s\u0142uchowe wielu renomowanych marek- Phonak, Oticon, Starkey, Signia, Widex w atrakcyjnych cenach. Posiadamy umow\u0119 z Narodowym Funduszem Zdrowia.<br>Dla os\u00f3b starszych i niepe\u0142nosprawnych oferujemy mo\u017cliwo\u015b\u0107 wizyty domowej.<br><strong>Zapraszamy!<\/strong><\/p>\n<\/div><\/div>\n\n<\/div><\/div>","protected":false},"excerpt":{"rendered":"<p>Uchomed Uchomed Lokalizacja: \u00a0lok. 610, VI pi\u0119tro.Kontakt: 17 225 5988, 600 278427, www.uchomed.pl, mail: uchomed@wp.pl Opis Firmy: Zapraszamy do oddzia\u0142u naszej firmy w Stalowej Woli. Nasza firma posiada ponad dwudziestoletnie do\u015bwiadczenie w bran\u017cy. Oferujemy bezp\u0142atne badanie s\u0142uchu, dopasowanie aparat\u00f3w s\u0142uchowych, wyr\u00f3b wk\u0142adek usznych i sprzeda\u017c akcesori\u00f3w do aparatu s\u0142uchowego. Posiadamy w ofercie aparaty s\u0142uchowe wielu&#8230;<\/p>\n","protected":false},"author":1,"featured_media":0,"parent":0,"menu_order":0,"comment_status":"closed","ping_status":"closed","template":"","meta":{"_kadence_starter_templates_imported_post":true,"_kad_post_transparent":"","_kad_post_title":"hide","_kad_post_layout":"fullwidth","_kad_post_sidebar_id":"","_kad_post_content_style":"unboxed","_kad_post_vertical_padding":"hide","_kad_post_feature":"hide","_kad_post_feature_position":"","_kad_post_header":false,"_kad_post_footer":false,"footnotes":""},"class_list":["post-1954","page","type-page","status-publish","hentry"],"_links":{"self":[{"href":"https:\/\/metalowiecstalowawola.pl\/index.php\/wp-json\/wp\/v2\/pages\/1954","targetHints":{"allow":["GET"]}}],"collection":[{"href":"https:\/\/metalowiecstalowawola.pl\/index.php\/wp-json\/wp\/v2\/pages"}],"about":[{"href":"https:\/\/metalowiecstalowawola.pl\/index.php\/wp-json\/wp\/v2\/types\/page"}],"author":[{"embeddable":true,"href":"https:\/\/metalowiecstalowawola.pl\/index.php\/wp-json\/wp\/v2\/users\/1"}],"replies":[{"embeddable":true,"href":"https:\/\/metalowiecstalowawola.pl\/index.php\/wp-json\/wp\/v2\/comments?post=1954"}],"version-history":[{"count":4,"href":"https:\/\/metalowiecstalowawola.pl\/index.php\/wp-json\/wp\/v2\/pages\/1954\/revisions"}],"predecessor-version":[{"id":1959,"href":"https:\/\/metalowiecstalowawola.pl\/index.php\/wp-json\/wp\/v2\/pages\/1954\/revisions\/1959"}],"wp:attachment":[{"href":"https:\/\/metalowiecstalowawola.pl\/index.php\/wp-json\/wp\/v2\/media?parent=1954"}],"curies":[{"name":"wp","href":"https:\/\/api.w.org\/{rel}","templated":true}]}}