{"id":1989,"date":"2025-01-24T20:51:16","date_gmt":"2025-01-24T19:51:16","guid":{"rendered":"https:\/\/metalowiecstalowawola.pl\/?page_id=1989"},"modified":"2025-01-24T21:03:38","modified_gmt":"2025-01-24T20:03:38","slug":"life_plus","status":"publish","type":"page","link":"https:\/\/metalowiecstalowawola.pl\/index.php\/life_plus\/","title":{"rendered":"Life+"},"content":{"rendered":"<style>.kb-row-layout-id1989_98de9f-04 > .kt-row-column-wrap{align-content:start;}:where(.kb-row-layout-id1989_98de9f-04 > .kt-row-column-wrap) > .wp-block-kadence-column{justify-content:start;}.kb-row-layout-id1989_98de9f-04 > .kt-row-column-wrap{column-gap:var(--global-kb-gap-md, 2rem);row-gap:var(--global-kb-gap-md, 2rem);max-width:700px;margin-left:auto;margin-right:auto;padding-top:150px;padding-right:0px;padding-bottom:120px;padding-left:0px;grid-template-columns:minmax(0, 1fr);}.kb-row-layout-id1989_98de9f-04 > .kt-row-layout-overlay{opacity:0.70;background:linear-gradient(135deg,var(--global-palette9) 0%,rgb(0,167,255) 53%,var(--global-palette9) 100%);}@media all and (max-width: 1024px){.kb-row-layout-id1989_98de9f-04 > .kt-row-column-wrap{padding-top:140px;padding-right:0px;padding-bottom:80px;padding-left:0px;grid-template-columns:minmax(0, 1fr);}}@media all and (max-width: 767px){.kb-row-layout-id1989_98de9f-04 > .kt-row-column-wrap{padding-top:120px;padding-right:20px;padding-bottom:50px;padding-left:20px;grid-template-columns:minmax(0, 1fr);}}<\/style><div class=\"kb-row-layout-wrap kb-row-layout-id1989_98de9f-04 alignnone has-theme-palette8-background-color kt-row-has-bg wp-block-kadence-rowlayout\"><div class=\"kt-row-layout-overlay kt-row-overlay-gradient\"><\/div><div class=\"kt-row-column-wrap kt-has-1-columns kt-row-layout-equal kt-tab-layout-inherit kt-mobile-layout-row kt-row-valign-top\">\n<style>.kadence-column1989_33c849-8a > .kt-inside-inner-col{padding-top:10px;padding-right:10px;padding-bottom:10px;padding-left:10px;}.kadence-column1989_33c849-8a > .kt-inside-inner-col,.kadence-column1989_33c849-8a > .kt-inside-inner-col:before{border-top-left-radius:0px;border-top-right-radius:0px;border-bottom-right-radius:0px;border-bottom-left-radius:0px;}.kadence-column1989_33c849-8a > .kt-inside-inner-col{column-gap:var(--global-kb-gap-sm, 1rem);}.kadence-column1989_33c849-8a > .kt-inside-inner-col{flex-direction:column;}.kadence-column1989_33c849-8a > .kt-inside-inner-col > .aligncenter{width:100%;}.kadence-column1989_33c849-8a > .kt-inside-inner-col:before{opacity:0.3;}.kadence-column1989_33c849-8a{position:relative;}@media all and (max-width: 1024px){.kadence-column1989_33c849-8a > .kt-inside-inner-col{flex-direction:column;}}@media all and (max-width: 767px){.kadence-column1989_33c849-8a > .kt-inside-inner-col{flex-direction:column;}}<\/style>\n<div class=\"wp-block-kadence-column kadence-column1989_33c849-8a inner-column-1\"><div class=\"kt-inside-inner-col\"><style>.wp-block-kadence-advancedheading.kt-adv-heading1989_5249b0-eb, .wp-block-kadence-advancedheading.kt-adv-heading1989_5249b0-eb[data-kb-block=\"kb-adv-heading1989_5249b0-eb\"]{margin-bottom:22.5px;text-align:center;line-height:1.3em;font-style:normal;}.wp-block-kadence-advancedheading.kt-adv-heading1989_5249b0-eb mark.kt-highlight, .wp-block-kadence-advancedheading.kt-adv-heading1989_5249b0-eb[data-kb-block=\"kb-adv-heading1989_5249b0-eb\"] mark.kt-highlight{font-style:normal;color:#f76a0c;-webkit-box-decoration-break:clone;box-decoration-break:clone;padding-top:0px;padding-right:0px;padding-bottom:0px;padding-left:0px;}@media all and (max-width: 1024px){.wp-block-kadence-advancedheading.kt-adv-heading1989_5249b0-eb, .wp-block-kadence-advancedheading.kt-adv-heading1989_5249b0-eb[data-kb-block=\"kb-adv-heading1989_5249b0-eb\"]{margin-bottom:17.5px;}}<\/style>\n<h1 class=\"kt-adv-heading1989_5249b0-eb wp-block-kadence-advancedheading\" data-kb-block=\"kb-adv-heading1989_5249b0-eb\"><a href=\"https:\/\/ekosanstw.pl\/\"><\/a><br><strong><strong>Salony medyczne LIFE +<\/strong><\/strong><\/h1>\n<\/div><\/div>\n\n<\/div><\/div>\n\n<style>.kb-row-layout-id1989_ee2767-04 > .kt-row-column-wrap{align-content:start;}:where(.kb-row-layout-id1989_ee2767-04 > .kt-row-column-wrap) > .wp-block-kadence-column{justify-content:start;}.kb-row-layout-id1989_ee2767-04 > .kt-row-column-wrap{column-gap:var(--global-kb-gap-none, 0rem );row-gap:var(--global-kb-gap-none, 0rem );max-width:var( --global-content-width, 1290px );padding-left:var(--global-content-edge-padding);padding-right:var(--global-content-edge-padding);padding-top:51px;padding-right:0px;padding-bottom:0px;padding-left:0px;grid-template-columns:minmax(0, calc(40% - ((var(--global-kb-gap-none, 0rem ) * 1 )\/2)))minmax(0, calc(60% - ((var(--global-kb-gap-none, 0rem ) * 1 )\/2)));}.kb-row-layout-id1989_ee2767-04 > .kt-row-layout-overlay{opacity:0.30;}@media all and (max-width: 1024px){.kb-row-layout-id1989_ee2767-04 > .kt-row-column-wrap{padding-top:80px;padding-right:20px;padding-bottom:0px;padding-left:20px;grid-template-columns:minmax(0, 1fr);}}@media all and (max-width: 767px){.kb-row-layout-id1989_ee2767-04 > .kt-row-column-wrap{padding-top:60px;padding-right:0px;padding-bottom:0px;padding-left:0px;grid-template-columns:minmax(0, 1fr);}}<\/style><div class=\"kb-row-layout-wrap kb-row-layout-id1989_ee2767-04 alignnone wp-block-kadence-rowlayout\"><div class=\"kt-row-column-wrap kt-has-2-columns kt-row-layout-equal kt-tab-layout-row kt-mobile-layout-row kt-row-valign-top kb-theme-content-width\">\n<style>.kadence-column1989_6c6d26-14 > .kt-inside-inner-col{padding-top:10px;padding-right:10px;padding-bottom:10px;padding-left:10px;}.kadence-column1989_6c6d26-14 > .kt-inside-inner-col,.kadence-column1989_6c6d26-14 > .kt-inside-inner-col:before{border-top-left-radius:0px;border-top-right-radius:0px;border-bottom-right-radius:0px;border-bottom-left-radius:0px;}.kadence-column1989_6c6d26-14 > .kt-inside-inner-col{column-gap:var(--global-kb-gap-sm, 1rem);}.kadence-column1989_6c6d26-14 > .kt-inside-inner-col{flex-direction:column;}.kadence-column1989_6c6d26-14 > .kt-inside-inner-col > .aligncenter{width:100%;}.kadence-column1989_6c6d26-14 > .kt-inside-inner-col:before{opacity:0.3;}.kadence-column1989_6c6d26-14{position:relative;}@media all and (max-width: 1024px){.kadence-column1989_6c6d26-14 > .kt-inside-inner-col{flex-direction:column;}}@media all and (max-width: 767px){.kadence-column1989_6c6d26-14 > .kt-inside-inner-col{flex-direction:column;}}<\/style>\n<div class=\"wp-block-kadence-column kadence-column1989_6c6d26-14 inner-column-1\"><div class=\"kt-inside-inner-col\"><style>.kb-image1989_410936-ba .kb-image-has-overlay:after{opacity:0.3;}<\/style>\n<div class=\"wp-block-kadence-image kb-image1989_410936-ba\"><figure class=\"aligncenter\"><a href=\"https:\/\/ekosanstw.pl\/\" class=\"kb-advanced-image-link\"><img loading=\"lazy\" decoding=\"async\" width=\"1600\" height=\"557\" src=\"https:\/\/metalowiecstalowawola.pl\/wp-content\/uploads\/2025\/01\/jpglife_pl_cmyk-e1737748171608.jpg\" alt=\"\" class=\"kb-img wp-image-1987\" srcset=\"https:\/\/metalowiecstalowawola.pl\/wp-content\/uploads\/2025\/01\/jpglife_pl_cmyk-e1737748171608.jpg 1600w, https:\/\/metalowiecstalowawola.pl\/wp-content\/uploads\/2025\/01\/jpglife_pl_cmyk-e1737748171608-300x104.jpg 300w, https:\/\/metalowiecstalowawola.pl\/wp-content\/uploads\/2025\/01\/jpglife_pl_cmyk-e1737748171608-1024x356.jpg 1024w, https:\/\/metalowiecstalowawola.pl\/wp-content\/uploads\/2025\/01\/jpglife_pl_cmyk-e1737748171608-768x267.jpg 768w, https:\/\/metalowiecstalowawola.pl\/wp-content\/uploads\/2025\/01\/jpglife_pl_cmyk-e1737748171608-1536x535.jpg 1536w\" sizes=\"auto, (max-width: 1600px) 100vw, 1600px\" \/><\/a><\/figure><\/div>\n<\/div><\/div>\n\n\n<style>.kadence-column1989_187b5f-ef > .kt-inside-inner-col{padding-top:10px;padding-right:10px;padding-bottom:10px;padding-left:10px;}.kadence-column1989_187b5f-ef > .kt-inside-inner-col,.kadence-column1989_187b5f-ef > .kt-inside-inner-col:before{border-top-left-radius:0px;border-top-right-radius:0px;border-bottom-right-radius:0px;border-bottom-left-radius:0px;}.kadence-column1989_187b5f-ef > .kt-inside-inner-col{column-gap:var(--global-kb-gap-sm, 1rem);}.kadence-column1989_187b5f-ef > .kt-inside-inner-col{flex-direction:column;}.kadence-column1989_187b5f-ef > .kt-inside-inner-col > .aligncenter{width:100%;}.kadence-column1989_187b5f-ef > .kt-inside-inner-col:before{opacity:0.3;}.kadence-column1989_187b5f-ef{position:relative;}@media all and (max-width: 1024px){.kadence-column1989_187b5f-ef > .kt-inside-inner-col{flex-direction:column;}}@media all and (max-width: 767px){.kadence-column1989_187b5f-ef > .kt-inside-inner-col{flex-direction:column;}}<\/style>\n<div class=\"wp-block-kadence-column kadence-column1989_187b5f-ef inner-column-2\"><div class=\"kt-inside-inner-col\"><style>.wp-block-kadence-advancedheading.kt-adv-heading1989_fdf4dd-82, .wp-block-kadence-advancedheading.kt-adv-heading1989_fdf4dd-82[data-kb-block=\"kb-adv-heading1989_fdf4dd-82\"]{font-size:24px;font-style:normal;color:#000000;}.wp-block-kadence-advancedheading.kt-adv-heading1989_fdf4dd-82 mark.kt-highlight, .wp-block-kadence-advancedheading.kt-adv-heading1989_fdf4dd-82[data-kb-block=\"kb-adv-heading1989_fdf4dd-82\"] mark.kt-highlight{font-style:normal;color:#f76a0c;-webkit-box-decoration-break:clone;box-decoration-break:clone;padding-top:0px;padding-right:0px;padding-bottom:0px;padding-left:0px;}<\/style>\n<h2 class=\"kt-adv-heading1989_fdf4dd-82 wp-block-kadence-advancedheading\" data-kb-block=\"kb-adv-heading1989_fdf4dd-82\"><strong><strong>Salony medyczne LIFE +<\/strong><\/strong><\/h2>\n\n\n<style>.wp-block-kadence-advancedheading.kt-adv-heading1989_5b76fb-0c, .wp-block-kadence-advancedheading.kt-adv-heading1989_5b76fb-0c[data-kb-block=\"kb-adv-heading1989_5b76fb-0c\"]{font-style:normal;}.wp-block-kadence-advancedheading.kt-adv-heading1989_5b76fb-0c mark.kt-highlight, .wp-block-kadence-advancedheading.kt-adv-heading1989_5b76fb-0c[data-kb-block=\"kb-adv-heading1989_5b76fb-0c\"] mark.kt-highlight{font-style:normal;color:#f76a0c;-webkit-box-decoration-break:clone;box-decoration-break:clone;padding-top:0px;padding-right:0px;padding-bottom:0px;padding-left:0px;}<\/style>\n<p class=\"kt-adv-heading1989_5b76fb-0c wp-block-kadence-advancedheading has-theme-palette-3-color has-text-color\" data-kb-block=\"kb-adv-heading1989_5b76fb-0c\"><strong>Lokalizacja:<\/strong> lok. 705,706, VII pi\u0119tro.<br><strong><strong>Kontakt:<\/strong><\/strong> <strong>15 8423943 lub +48 695 120 497<\/strong> <a href=\"mailto:stalowawola@life-care.pl\">stalowawola@life-care.pl<\/a> \/ <a href=\"https:\/\/www.wmwp.eu\/katalog_firm\/a\/www.life-plus.pl\">www.life-plus.pl<\/a><a href=\"https:\/\/www.wmwp.eu\/katalog_firm\/a\/www.life-plus.pl\"><\/a><a href=\"https:\/\/www.wmwp.eu\/katalog_firm\/a\/www.life-plus.pl\"><\/a><\/p>\n<\/div><\/div>\n\n<\/div><\/div>\n\n<style>.kb-row-layout-id1989_cca3c9-34 > .kt-row-column-wrap{align-content:start;}:where(.kb-row-layout-id1989_cca3c9-34 > .kt-row-column-wrap) > .wp-block-kadence-column{justify-content:start;}.kb-row-layout-id1989_cca3c9-34 > .kt-row-column-wrap{column-gap:var(--global-kb-gap-md, 2rem);row-gap:var(--global-kb-gap-md, 2rem);max-width:var( --global-content-width, 1290px );padding-left:var(--global-content-edge-padding);padding-right:var(--global-content-edge-padding);padding-top:15px;padding-right:0px;padding-bottom:15px;padding-left:0px;grid-template-columns:minmax(0, 1fr);}.kb-row-layout-id1989_cca3c9-34 > .kt-row-layout-overlay{opacity:0.30;}@media all and (max-width: 1024px){.kb-row-layout-id1989_cca3c9-34 > .kt-row-column-wrap{padding-top:0px;padding-right:30px;padding-bottom:70px;padding-left:30px;grid-template-columns:minmax(0, 1fr);}}@media all and (max-width: 767px){.kb-row-layout-id1989_cca3c9-34 > .kt-row-column-wrap{padding-top:20px;padding-right:20px;padding-bottom:60px;padding-left:20px;grid-template-columns:minmax(0, 1fr);}}<\/style><div class=\"kb-row-layout-wrap kb-row-layout-id1989_cca3c9-34 alignnone wp-block-kadence-rowlayout\"><div class=\"kt-row-column-wrap kt-has-1-columns kt-row-layout-equal kt-tab-layout-inherit kt-mobile-layout-row kt-row-valign-top kb-theme-content-width\">\n<style>.kadence-column1989_b76f70-87 > .kt-inside-inner-col,.kadence-column1989_b76f70-87 > .kt-inside-inner-col:before{border-top-left-radius:0px;border-top-right-radius:0px;border-bottom-right-radius:0px;border-bottom-left-radius:0px;}.kadence-column1989_b76f70-87 > .kt-inside-inner-col{column-gap:var(--global-kb-gap-sm, 1rem);}.kadence-column1989_b76f70-87 > .kt-inside-inner-col{flex-direction:column;}.kadence-column1989_b76f70-87 > .kt-inside-inner-col > .aligncenter{width:100%;}.kadence-column1989_b76f70-87 > .kt-inside-inner-col:before{opacity:0.3;}.kadence-column1989_b76f70-87{position:relative;}@media all and (max-width: 1024px){.kadence-column1989_b76f70-87 > .kt-inside-inner-col{flex-direction:column;}}@media all and (max-width: 767px){.kadence-column1989_b76f70-87 > .kt-inside-inner-col{flex-direction:column;}}<\/style>\n<div class=\"wp-block-kadence-column kadence-column1989_b76f70-87\"><div class=\"kt-inside-inner-col\"><style>.wp-block-kadence-advancedheading.kt-adv-heading1989_0c9cc9-94, .wp-block-kadence-advancedheading.kt-adv-heading1989_0c9cc9-94[data-kb-block=\"kb-adv-heading1989_0c9cc9-94\"]{font-size:24px;font-style:normal;}.wp-block-kadence-advancedheading.kt-adv-heading1989_0c9cc9-94 mark.kt-highlight, .wp-block-kadence-advancedheading.kt-adv-heading1989_0c9cc9-94[data-kb-block=\"kb-adv-heading1989_0c9cc9-94\"] mark.kt-highlight{font-style:normal;color:#f76a0c;-webkit-box-decoration-break:clone;box-decoration-break:clone;padding-top:0px;padding-right:0px;padding-bottom:0px;padding-left:0px;}<\/style>\n<h2 class=\"kt-adv-heading1989_0c9cc9-94 wp-block-kadence-advancedheading\" data-kb-block=\"kb-adv-heading1989_0c9cc9-94\">Opis Firmy:<\/h2>\n<\/div><\/div>\n\n<\/div><\/div>\n\n<style>.kb-row-layout-id1989_a267e8-b1 > .kt-row-column-wrap{align-content:start;}:where(.kb-row-layout-id1989_a267e8-b1 > .kt-row-column-wrap) > .wp-block-kadence-column{justify-content:start;}.kb-row-layout-id1989_a267e8-b1 > .kt-row-column-wrap{column-gap:var(--global-kb-gap-md, 2rem);row-gap:var(--global-kb-gap-md, 2rem);max-width:var( --global-content-width, 1290px );padding-left:var(--global-content-edge-padding);padding-right:var(--global-content-edge-padding);padding-top:15px;padding-right:0px;padding-bottom:50px;padding-left:0px;grid-template-columns:minmax(0, 1fr);}.kb-row-layout-id1989_a267e8-b1 > .kt-row-layout-overlay{opacity:0.30;}@media all and (max-width: 1024px){.kb-row-layout-id1989_a267e8-b1 > .kt-row-column-wrap{padding-top:0px;padding-right:30px;padding-bottom:70px;padding-left:30px;grid-template-columns:minmax(0, 1fr);}}@media all and (max-width: 767px){.kb-row-layout-id1989_a267e8-b1 > .kt-row-column-wrap{padding-top:20px;padding-right:20px;padding-bottom:60px;padding-left:20px;grid-template-columns:minmax(0, 1fr);}}<\/style><div class=\"kb-row-layout-wrap kb-row-layout-id1989_a267e8-b1 alignnone wp-block-kadence-rowlayout\"><div class=\"kt-row-column-wrap kt-has-1-columns kt-row-layout-equal kt-tab-layout-inherit kt-mobile-layout-row kt-row-valign-top kb-theme-content-width\">\n<style>.kadence-column1989_14ec73-5b > .kt-inside-inner-col,.kadence-column1989_14ec73-5b > .kt-inside-inner-col:before{border-top-left-radius:0px;border-top-right-radius:0px;border-bottom-right-radius:0px;border-bottom-left-radius:0px;}.kadence-column1989_14ec73-5b > .kt-inside-inner-col{column-gap:var(--global-kb-gap-sm, 1rem);}.kadence-column1989_14ec73-5b > .kt-inside-inner-col{flex-direction:column;}.kadence-column1989_14ec73-5b > .kt-inside-inner-col > .aligncenter{width:100%;}.kadence-column1989_14ec73-5b > .kt-inside-inner-col:before{opacity:0.3;}.kadence-column1989_14ec73-5b{position:relative;}@media all and (max-width: 1024px){.kadence-column1989_14ec73-5b > .kt-inside-inner-col{flex-direction:column;}}@media all and (max-width: 767px){.kadence-column1989_14ec73-5b > .kt-inside-inner-col{flex-direction:column;}}<\/style>\n<div class=\"wp-block-kadence-column kadence-column1989_14ec73-5b\"><div class=\"kt-inside-inner-col\"><style>.wp-block-kadence-advancedheading.kt-adv-heading1989_93f976-00, .wp-block-kadence-advancedheading.kt-adv-heading1989_93f976-00[data-kb-block=\"kb-adv-heading1989_93f976-00\"]{font-size:var(--global-kb-font-size-md, 1.25rem);font-style:normal;}.wp-block-kadence-advancedheading.kt-adv-heading1989_93f976-00 mark.kt-highlight, .wp-block-kadence-advancedheading.kt-adv-heading1989_93f976-00[data-kb-block=\"kb-adv-heading1989_93f976-00\"] mark.kt-highlight{font-style:normal;color:#f76a0c;-webkit-box-decoration-break:clone;box-decoration-break:clone;padding-top:0px;padding-right:0px;padding-bottom:0px;padding-left:0px;}<\/style>\n<p class=\"kt-adv-heading1989_93f976-00 wp-block-kadence-advancedheading\" data-kb-block=\"kb-adv-heading1989_93f976-00\">To grupa salon\u00f3w medycznych zaopatrzenia rehabilitacyjnego i ortopedycznego, powsta\u0142a z po\u0142\u0105czenia dw\u00f3ch wiod\u0105cych na rynku sieci salon\u00f3w ortopedycznych Medort i Marmed Sp. z o.o.<br><br>Od blisko 20 lat w salonach medycznych Life +&nbsp; zapewniamy profesjonaln\u0105 i rzeteln\u0105 obs\u0142ug\u0119 przez wykwalifikowanych konsultant\u00f3w (fizjoterapeut\u00f3w) i przedstawicieli medycznych.<br><br>Life + to 30 sklep\u00f3w znajduj\u0105cych si\u0119 na terenie 9 wojew\u00f3dztw: zachodnio-pomorskiego, lubuskiego, wielkopolskiego, \u0142\u00f3dzkiego, \u015bwi\u0119tokrzyskiego, lubelskiego, podlaskiego, warmi\u0144sko-mazurskiego, kujawsko-pomorskiego.<br><br>Opr\u00f3cz sprzeda\u017cy specjalistycznego sprz\u0119tu, Life + prowadzi r\u00f3wnie\u017c wypo\u017cyczalni\u0119 \u0142\u00f3\u017cek rehabilitacyjnych i koncentrator\u00f3w tlenu z mo\u017cliwo\u015bci\u0105 wykupu.<br><br><strong>Misja firmy<\/strong><br><br>Celem naszej dzia\u0142alno\u015bci jest zapewnienie wsparcia medycznego i odpowiednich rozwi\u0105za\u0144 poprawiaj\u0105cych komfort oraz jako\u015b\u0107 \u017cycia, jak r\u00f3wnie\u017c u\u0142atwi\u0107 sprawowanie opieki nad osobami niepe\u0142nosprawnymi.<br> &nbsp;<br>Dzi\u0119ki zawartym kontraktom z Narodowym Funduszem Zdrowia prowadzimy sprzeda\u017c sprz\u0119tu \u015brodk\u00f3w pomocniczych i przedmiot\u00f3w ortopedycznych przy cz\u0119\u015bciowej lub ca\u0142kowitej refundacji.<br><br>Zapewniamy szerok\u0105 gam\u0119 wysokiej jako\u015bci produkt\u00f3w wielu producent\u00f3w i fachow\u0105 pomoc naszych konsultant\u00f3w w doborze sprz\u0119tu medycznego dla ka\u017cdego pacjenta.<br><br><strong>LIFE+ Przywracamy rado\u015b\u0107 \u017cycia!<\/strong><\/p>\n<\/div><\/div>\n\n<\/div><\/div>","protected":false},"excerpt":{"rendered":"<p>Salony medyczne LIFE + Salony medyczne LIFE + Lokalizacja: lok. 705,706, VII pi\u0119tro.Kontakt: 15 8423943 lub +48 695 120 497 stalowawola@life-care.pl \/ www.life-plus.pl Opis Firmy: To grupa salon\u00f3w medycznych zaopatrzenia rehabilitacyjnego i ortopedycznego, powsta\u0142a z po\u0142\u0105czenia dw\u00f3ch wiod\u0105cych na rynku sieci salon\u00f3w ortopedycznych Medort i Marmed Sp. z o.o. Od blisko 20 lat w salonach&#8230;<\/p>\n","protected":false},"author":1,"featured_media":0,"parent":0,"menu_order":0,"comment_status":"closed","ping_status":"closed","template":"","meta":{"_kadence_starter_templates_imported_post":true,"_kad_post_transparent":"","_kad_post_title":"hide","_kad_post_layout":"fullwidth","_kad_post_sidebar_id":"","_kad_post_content_style":"unboxed","_kad_post_vertical_padding":"hide","_kad_post_feature":"hide","_kad_post_feature_position":"","_kad_post_header":false,"_kad_post_footer":false,"footnotes":""},"class_list":["post-1989","page","type-page","status-publish","hentry"],"_links":{"self":[{"href":"https:\/\/metalowiecstalowawola.pl\/index.php\/wp-json\/wp\/v2\/pages\/1989","targetHints":{"allow":["GET"]}}],"collection":[{"href":"https:\/\/metalowiecstalowawola.pl\/index.php\/wp-json\/wp\/v2\/pages"}],"about":[{"href":"https:\/\/metalowiecstalowawola.pl\/index.php\/wp-json\/wp\/v2\/types\/page"}],"author":[{"embeddable":true,"href":"https:\/\/metalowiecstalowawola.pl\/index.php\/wp-json\/wp\/v2\/users\/1"}],"replies":[{"embeddable":true,"href":"https:\/\/metalowiecstalowawola.pl\/index.php\/wp-json\/wp\/v2\/comments?post=1989"}],"version-history":[{"count":6,"href":"https:\/\/metalowiecstalowawola.pl\/index.php\/wp-json\/wp\/v2\/pages\/1989\/revisions"}],"predecessor-version":[{"id":1998,"href":"https:\/\/metalowiecstalowawola.pl\/index.php\/wp-json\/wp\/v2\/pages\/1989\/revisions\/1998"}],"wp:attachment":[{"href":"https:\/\/metalowiecstalowawola.pl\/index.php\/wp-json\/wp\/v2\/media?parent=1989"}],"curies":[{"name":"wp","href":"https:\/\/api.w.org\/{rel}","templated":true}]}}