{"id":2014,"date":"2025-01-24T23:32:28","date_gmt":"2025-01-24T22:32:28","guid":{"rendered":"https:\/\/metalowiecstalowawola.pl\/?page_id=2014"},"modified":"2025-01-24T23:32:28","modified_gmt":"2025-01-24T22:32:28","slug":"radca_prawny","status":"publish","type":"page","link":"https:\/\/metalowiecstalowawola.pl\/index.php\/radca_prawny\/","title":{"rendered":"Radca_Prawny"},"content":{"rendered":"<style>.kb-row-layout-id2014_c89eb6-61 > .kt-row-column-wrap{align-content:start;}:where(.kb-row-layout-id2014_c89eb6-61 > .kt-row-column-wrap) > .wp-block-kadence-column{justify-content:start;}.kb-row-layout-id2014_c89eb6-61 > .kt-row-column-wrap{column-gap:var(--global-kb-gap-md, 2rem);row-gap:var(--global-kb-gap-md, 2rem);max-width:700px;margin-left:auto;margin-right:auto;padding-top:150px;padding-right:0px;padding-bottom:120px;padding-left:0px;grid-template-columns:minmax(0, 1fr);}.kb-row-layout-id2014_c89eb6-61 > .kt-row-layout-overlay{opacity:0.70;background:linear-gradient(135deg,var(--global-palette9) 0%,rgb(0,167,255) 53%,var(--global-palette9) 100%);}@media all and (max-width: 1024px){.kb-row-layout-id2014_c89eb6-61 > .kt-row-column-wrap{padding-top:140px;padding-right:0px;padding-bottom:80px;padding-left:0px;grid-template-columns:minmax(0, 1fr);}}@media all and (max-width: 767px){.kb-row-layout-id2014_c89eb6-61 > .kt-row-column-wrap{padding-top:120px;padding-right:20px;padding-bottom:50px;padding-left:20px;grid-template-columns:minmax(0, 1fr);}}<\/style><div class=\"kb-row-layout-wrap kb-row-layout-id2014_c89eb6-61 alignnone has-theme-palette8-background-color kt-row-has-bg wp-block-kadence-rowlayout\"><div class=\"kt-row-layout-overlay kt-row-overlay-gradient\"><\/div><div class=\"kt-row-column-wrap kt-has-1-columns kt-row-layout-equal kt-tab-layout-inherit kt-mobile-layout-row kt-row-valign-top\">\n<style>.kadence-column2014_16fd78-93 > .kt-inside-inner-col{padding-top:10px;padding-right:10px;padding-bottom:10px;padding-left:10px;}.kadence-column2014_16fd78-93 > .kt-inside-inner-col,.kadence-column2014_16fd78-93 > .kt-inside-inner-col:before{border-top-left-radius:0px;border-top-right-radius:0px;border-bottom-right-radius:0px;border-bottom-left-radius:0px;}.kadence-column2014_16fd78-93 > .kt-inside-inner-col{column-gap:var(--global-kb-gap-sm, 1rem);}.kadence-column2014_16fd78-93 > .kt-inside-inner-col{flex-direction:column;}.kadence-column2014_16fd78-93 > .kt-inside-inner-col > .aligncenter{width:100%;}.kadence-column2014_16fd78-93 > .kt-inside-inner-col:before{opacity:0.3;}.kadence-column2014_16fd78-93{position:relative;}@media all and (max-width: 1024px){.kadence-column2014_16fd78-93 > .kt-inside-inner-col{flex-direction:column;}}@media all and (max-width: 767px){.kadence-column2014_16fd78-93 > .kt-inside-inner-col{flex-direction:column;}}<\/style>\n<div class=\"wp-block-kadence-column kadence-column2014_16fd78-93 inner-column-1\"><div class=\"kt-inside-inner-col\"><style>.wp-block-kadence-advancedheading.kt-adv-heading2014_a47c41-0c, .wp-block-kadence-advancedheading.kt-adv-heading2014_a47c41-0c[data-kb-block=\"kb-adv-heading2014_a47c41-0c\"]{margin-bottom:22.5px;text-align:center;line-height:1.3em;font-style:normal;}.wp-block-kadence-advancedheading.kt-adv-heading2014_a47c41-0c mark.kt-highlight, .wp-block-kadence-advancedheading.kt-adv-heading2014_a47c41-0c[data-kb-block=\"kb-adv-heading2014_a47c41-0c\"] mark.kt-highlight{font-style:normal;color:#f76a0c;-webkit-box-decoration-break:clone;box-decoration-break:clone;padding-top:0px;padding-right:0px;padding-bottom:0px;padding-left:0px;}@media all and (max-width: 1024px){.wp-block-kadence-advancedheading.kt-adv-heading2014_a47c41-0c, .wp-block-kadence-advancedheading.kt-adv-heading2014_a47c41-0c[data-kb-block=\"kb-adv-heading2014_a47c41-0c\"]{margin-bottom:17.5px;}}<\/style>\n<h1 class=\"kt-adv-heading2014_a47c41-0c wp-block-kadence-advancedheading\" data-kb-block=\"kb-adv-heading2014_a47c41-0c\">KANCELARIA RADCY PRAWNEGO EWELINA WOJTAN<\/h1>\n<\/div><\/div>\n\n<\/div><\/div>\n\n<style>.kb-row-layout-id2014_398dc0-99 > .kt-row-column-wrap{align-content:start;}:where(.kb-row-layout-id2014_398dc0-99 > .kt-row-column-wrap) > .wp-block-kadence-column{justify-content:start;}.kb-row-layout-id2014_398dc0-99 > .kt-row-column-wrap{column-gap:var(--global-kb-gap-none, 0rem );row-gap:var(--global-kb-gap-none, 0rem );max-width:var( --global-content-width, 1290px );padding-left:var(--global-content-edge-padding);padding-right:var(--global-content-edge-padding);padding-top:51px;padding-right:0px;padding-bottom:0px;padding-left:0px;grid-template-columns:minmax(0, calc(40% - ((var(--global-kb-gap-none, 0rem ) * 1 )\/2)))minmax(0, calc(60% - ((var(--global-kb-gap-none, 0rem ) * 1 )\/2)));}.kb-row-layout-id2014_398dc0-99 > .kt-row-layout-overlay{opacity:0.30;}@media all and (max-width: 1024px){.kb-row-layout-id2014_398dc0-99 > .kt-row-column-wrap{padding-top:80px;padding-right:20px;padding-bottom:0px;padding-left:20px;grid-template-columns:minmax(0, 1fr);}}@media all and (max-width: 767px){.kb-row-layout-id2014_398dc0-99 > .kt-row-column-wrap{padding-top:60px;padding-right:0px;padding-bottom:0px;padding-left:0px;grid-template-columns:minmax(0, 1fr);}}<\/style><div class=\"kb-row-layout-wrap kb-row-layout-id2014_398dc0-99 alignnone wp-block-kadence-rowlayout\"><div class=\"kt-row-column-wrap kt-has-2-columns kt-row-layout-equal kt-tab-layout-row kt-mobile-layout-row kt-row-valign-top kb-theme-content-width\">\n<style>.kadence-column2014_76f5ae-3b > .kt-inside-inner-col{padding-top:10px;padding-right:10px;padding-bottom:10px;padding-left:10px;}.kadence-column2014_76f5ae-3b > .kt-inside-inner-col,.kadence-column2014_76f5ae-3b > .kt-inside-inner-col:before{border-top-left-radius:0px;border-top-right-radius:0px;border-bottom-right-radius:0px;border-bottom-left-radius:0px;}.kadence-column2014_76f5ae-3b > .kt-inside-inner-col{column-gap:var(--global-kb-gap-sm, 1rem);}.kadence-column2014_76f5ae-3b > .kt-inside-inner-col{flex-direction:column;}.kadence-column2014_76f5ae-3b > .kt-inside-inner-col > .aligncenter{width:100%;}.kadence-column2014_76f5ae-3b > .kt-inside-inner-col:before{opacity:0.3;}.kadence-column2014_76f5ae-3b{position:relative;}@media all and (max-width: 1024px){.kadence-column2014_76f5ae-3b > .kt-inside-inner-col{flex-direction:column;}}@media all and (max-width: 767px){.kadence-column2014_76f5ae-3b > .kt-inside-inner-col{flex-direction:column;}}<\/style>\n<div class=\"wp-block-kadence-column kadence-column2014_76f5ae-3b inner-column-1\"><div class=\"kt-inside-inner-col\"><style>.kb-image2014_66aacb-33 .kb-image-has-overlay:after{opacity:0.3;}<\/style>\n<div class=\"wp-block-kadence-image kb-image2014_66aacb-33\"><figure class=\"aligncenter\"><a href=\"https:\/\/ekosanstw.pl\/\" class=\"kb-advanced-image-link\"><img loading=\"lazy\" decoding=\"async\" width=\"1595\" height=\"608\" src=\"https:\/\/metalowiecstalowawola.pl\/wp-content\/uploads\/2025\/01\/logo_radca_prawny.jpg\" class=\"kb-img wp-image-2012\" srcset=\"https:\/\/metalowiecstalowawola.pl\/wp-content\/uploads\/2025\/01\/logo_radca_prawny.jpg 1595w, https:\/\/metalowiecstalowawola.pl\/wp-content\/uploads\/2025\/01\/logo_radca_prawny-300x114.jpg 300w, https:\/\/metalowiecstalowawola.pl\/wp-content\/uploads\/2025\/01\/logo_radca_prawny-1024x390.jpg 1024w, https:\/\/metalowiecstalowawola.pl\/wp-content\/uploads\/2025\/01\/logo_radca_prawny-768x293.jpg 768w, https:\/\/metalowiecstalowawola.pl\/wp-content\/uploads\/2025\/01\/logo_radca_prawny-1536x586.jpg 1536w\" sizes=\"auto, (max-width: 1595px) 100vw, 1595px\" \/><\/a><\/figure><\/div>\n<\/div><\/div>\n\n\n<style>.kadence-column2014_7eb231-6e > .kt-inside-inner-col{padding-top:10px;padding-right:10px;padding-bottom:10px;padding-left:10px;}.kadence-column2014_7eb231-6e > .kt-inside-inner-col,.kadence-column2014_7eb231-6e > .kt-inside-inner-col:before{border-top-left-radius:0px;border-top-right-radius:0px;border-bottom-right-radius:0px;border-bottom-left-radius:0px;}.kadence-column2014_7eb231-6e > .kt-inside-inner-col{column-gap:var(--global-kb-gap-sm, 1rem);}.kadence-column2014_7eb231-6e > .kt-inside-inner-col{flex-direction:column;}.kadence-column2014_7eb231-6e > .kt-inside-inner-col > .aligncenter{width:100%;}.kadence-column2014_7eb231-6e > .kt-inside-inner-col:before{opacity:0.3;}.kadence-column2014_7eb231-6e{position:relative;}@media all and (max-width: 1024px){.kadence-column2014_7eb231-6e > .kt-inside-inner-col{flex-direction:column;}}@media all and (max-width: 767px){.kadence-column2014_7eb231-6e > .kt-inside-inner-col{flex-direction:column;}}<\/style>\n<div class=\"wp-block-kadence-column kadence-column2014_7eb231-6e inner-column-2\"><div class=\"kt-inside-inner-col\"><style>.wp-block-kadence-advancedheading.kt-adv-heading2014_94b8b3-28, .wp-block-kadence-advancedheading.kt-adv-heading2014_94b8b3-28[data-kb-block=\"kb-adv-heading2014_94b8b3-28\"]{font-size:24px;font-style:normal;color:#000000;}.wp-block-kadence-advancedheading.kt-adv-heading2014_94b8b3-28 mark.kt-highlight, .wp-block-kadence-advancedheading.kt-adv-heading2014_94b8b3-28[data-kb-block=\"kb-adv-heading2014_94b8b3-28\"] mark.kt-highlight{font-style:normal;color:#f76a0c;-webkit-box-decoration-break:clone;box-decoration-break:clone;padding-top:0px;padding-right:0px;padding-bottom:0px;padding-left:0px;}<\/style>\n<h2 class=\"kt-adv-heading2014_94b8b3-28 wp-block-kadence-advancedheading\" data-kb-block=\"kb-adv-heading2014_94b8b3-28\"><strong><strong>KANCELARIA RADCY PRAWNEGO EWELINA WOJTAN<\/strong><\/strong><\/h2>\n\n\n<style>.wp-block-kadence-advancedheading.kt-adv-heading2014_070ed1-3d, .wp-block-kadence-advancedheading.kt-adv-heading2014_070ed1-3d[data-kb-block=\"kb-adv-heading2014_070ed1-3d\"]{font-style:normal;}.wp-block-kadence-advancedheading.kt-adv-heading2014_070ed1-3d mark.kt-highlight, .wp-block-kadence-advancedheading.kt-adv-heading2014_070ed1-3d[data-kb-block=\"kb-adv-heading2014_070ed1-3d\"] mark.kt-highlight{font-style:normal;color:#f76a0c;-webkit-box-decoration-break:clone;box-decoration-break:clone;padding-top:0px;padding-right:0px;padding-bottom:0px;padding-left:0px;}<\/style>\n<p class=\"kt-adv-heading2014_070ed1-3d wp-block-kadence-advancedheading has-theme-palette-3-color has-text-color\" data-kb-block=\"kb-adv-heading2014_070ed1-3d\"><strong>Lokalizacja:<\/strong> lok. 507, V pi\u0119tro.<br><strong><strong>Kontakt:<\/strong><\/strong> 883\u00a0354\u00a0464 \/\u00a0<a href=\"http:\/\/www.wojtankancelaria.pl\">www.wojtankacelaria.pl<\/a>\u00a0\/\u00a0<a href=\"mailto:radca@wojtankancelaria.pl\">radca@wojtankancelaria.pl<\/a><\/p>\n<\/div><\/div>\n\n<\/div><\/div>\n\n<style>.kb-row-layout-id2014_2e2d87-c9 > .kt-row-column-wrap{align-content:start;}:where(.kb-row-layout-id2014_2e2d87-c9 > .kt-row-column-wrap) > .wp-block-kadence-column{justify-content:start;}.kb-row-layout-id2014_2e2d87-c9 > .kt-row-column-wrap{column-gap:var(--global-kb-gap-md, 2rem);row-gap:var(--global-kb-gap-md, 2rem);max-width:var( --global-content-width, 1290px );padding-left:var(--global-content-edge-padding);padding-right:var(--global-content-edge-padding);padding-top:15px;padding-right:0px;padding-bottom:15px;padding-left:0px;grid-template-columns:minmax(0, 1fr);}.kb-row-layout-id2014_2e2d87-c9 > .kt-row-layout-overlay{opacity:0.30;}@media all and (max-width: 1024px){.kb-row-layout-id2014_2e2d87-c9 > .kt-row-column-wrap{padding-top:0px;padding-right:30px;padding-bottom:70px;padding-left:30px;grid-template-columns:minmax(0, 1fr);}}@media all and (max-width: 767px){.kb-row-layout-id2014_2e2d87-c9 > .kt-row-column-wrap{padding-top:20px;padding-right:20px;padding-bottom:60px;padding-left:20px;grid-template-columns:minmax(0, 1fr);}}<\/style><div class=\"kb-row-layout-wrap kb-row-layout-id2014_2e2d87-c9 alignnone wp-block-kadence-rowlayout\"><div class=\"kt-row-column-wrap kt-has-1-columns kt-row-layout-equal kt-tab-layout-inherit kt-mobile-layout-row kt-row-valign-top kb-theme-content-width\">\n<style>.kadence-column2014_004ae7-a8 > .kt-inside-inner-col,.kadence-column2014_004ae7-a8 > .kt-inside-inner-col:before{border-top-left-radius:0px;border-top-right-radius:0px;border-bottom-right-radius:0px;border-bottom-left-radius:0px;}.kadence-column2014_004ae7-a8 > .kt-inside-inner-col{column-gap:var(--global-kb-gap-sm, 1rem);}.kadence-column2014_004ae7-a8 > .kt-inside-inner-col{flex-direction:column;}.kadence-column2014_004ae7-a8 > .kt-inside-inner-col > .aligncenter{width:100%;}.kadence-column2014_004ae7-a8 > .kt-inside-inner-col:before{opacity:0.3;}.kadence-column2014_004ae7-a8{position:relative;}@media all and (max-width: 1024px){.kadence-column2014_004ae7-a8 > .kt-inside-inner-col{flex-direction:column;}}@media all and (max-width: 767px){.kadence-column2014_004ae7-a8 > .kt-inside-inner-col{flex-direction:column;}}<\/style>\n<div class=\"wp-block-kadence-column kadence-column2014_004ae7-a8\"><div class=\"kt-inside-inner-col\"><style>.wp-block-kadence-advancedheading.kt-adv-heading2014_7a6411-ee, .wp-block-kadence-advancedheading.kt-adv-heading2014_7a6411-ee[data-kb-block=\"kb-adv-heading2014_7a6411-ee\"]{font-size:24px;font-style:normal;}.wp-block-kadence-advancedheading.kt-adv-heading2014_7a6411-ee mark.kt-highlight, .wp-block-kadence-advancedheading.kt-adv-heading2014_7a6411-ee[data-kb-block=\"kb-adv-heading2014_7a6411-ee\"] mark.kt-highlight{font-style:normal;color:#f76a0c;-webkit-box-decoration-break:clone;box-decoration-break:clone;padding-top:0px;padding-right:0px;padding-bottom:0px;padding-left:0px;}<\/style>\n<h2 class=\"kt-adv-heading2014_7a6411-ee wp-block-kadence-advancedheading\" data-kb-block=\"kb-adv-heading2014_7a6411-ee\">Opis Firmy:<\/h2>\n<\/div><\/div>\n\n<\/div><\/div>\n\n<style>.kb-row-layout-id2014_acb726-cf > .kt-row-column-wrap{align-content:start;}:where(.kb-row-layout-id2014_acb726-cf > .kt-row-column-wrap) > .wp-block-kadence-column{justify-content:start;}.kb-row-layout-id2014_acb726-cf > .kt-row-column-wrap{column-gap:var(--global-kb-gap-md, 2rem);row-gap:var(--global-kb-gap-md, 2rem);max-width:var( --global-content-width, 1290px );padding-left:var(--global-content-edge-padding);padding-right:var(--global-content-edge-padding);padding-top:15px;padding-right:0px;padding-bottom:50px;padding-left:0px;grid-template-columns:minmax(0, 1fr);}.kb-row-layout-id2014_acb726-cf > .kt-row-layout-overlay{opacity:0.30;}@media all and (max-width: 1024px){.kb-row-layout-id2014_acb726-cf > .kt-row-column-wrap{padding-top:0px;padding-right:30px;padding-bottom:70px;padding-left:30px;grid-template-columns:minmax(0, 1fr);}}@media all and (max-width: 767px){.kb-row-layout-id2014_acb726-cf > .kt-row-column-wrap{padding-top:20px;padding-right:20px;padding-bottom:60px;padding-left:20px;grid-template-columns:minmax(0, 1fr);}}<\/style><div class=\"kb-row-layout-wrap kb-row-layout-id2014_acb726-cf alignnone wp-block-kadence-rowlayout\"><div class=\"kt-row-column-wrap kt-has-1-columns kt-row-layout-equal kt-tab-layout-inherit kt-mobile-layout-row kt-row-valign-top kb-theme-content-width\">\n<style>.kadence-column2014_7a729c-08 > .kt-inside-inner-col,.kadence-column2014_7a729c-08 > .kt-inside-inner-col:before{border-top-left-radius:0px;border-top-right-radius:0px;border-bottom-right-radius:0px;border-bottom-left-radius:0px;}.kadence-column2014_7a729c-08 > .kt-inside-inner-col{column-gap:var(--global-kb-gap-sm, 1rem);}.kadence-column2014_7a729c-08 > .kt-inside-inner-col{flex-direction:column;}.kadence-column2014_7a729c-08 > .kt-inside-inner-col > .aligncenter{width:100%;}.kadence-column2014_7a729c-08 > .kt-inside-inner-col:before{opacity:0.3;}.kadence-column2014_7a729c-08{position:relative;}@media all and (max-width: 1024px){.kadence-column2014_7a729c-08 > .kt-inside-inner-col{flex-direction:column;}}@media all and (max-width: 767px){.kadence-column2014_7a729c-08 > .kt-inside-inner-col{flex-direction:column;}}<\/style>\n<div class=\"wp-block-kadence-column kadence-column2014_7a729c-08\"><div class=\"kt-inside-inner-col\"><style>.wp-block-kadence-advancedheading.kt-adv-heading2014_6263b5-22, .wp-block-kadence-advancedheading.kt-adv-heading2014_6263b5-22[data-kb-block=\"kb-adv-heading2014_6263b5-22\"]{font-size:var(--global-kb-font-size-md, 1.25rem);font-style:normal;}.wp-block-kadence-advancedheading.kt-adv-heading2014_6263b5-22 mark.kt-highlight, .wp-block-kadence-advancedheading.kt-adv-heading2014_6263b5-22[data-kb-block=\"kb-adv-heading2014_6263b5-22\"] mark.kt-highlight{font-style:normal;color:#f76a0c;-webkit-box-decoration-break:clone;box-decoration-break:clone;padding-top:0px;padding-right:0px;padding-bottom:0px;padding-left:0px;}<\/style>\n<p class=\"kt-adv-heading2014_6263b5-22 wp-block-kadence-advancedheading\" data-kb-block=\"kb-adv-heading2014_6263b5-22\">Kancelaria \u015bwiadczy us\u0142ugi prawne zar\u00f3wno na rzecz klient\u00f3w indywidualnych jak te\u017c prowadzi profesjonaln\u0105 i kompleksow\u0105 obs\u0142ug\u0119 prawn\u0105 os\u00f3b fizycznych prowadz\u0105cych jednoosobow\u0105 dzia\u0142alno\u015b\u0107 gospodarcz\u0105, sp\u00f3\u0142ek cywilnych, sp\u00f3\u0142ek prawa handlowego, jednostek sektora finans\u00f3w publicznych zar\u00f3wno w formie sta\u0142ej wsp\u00f3\u0142pracy jak i dora\u017anej pomocy. Ka\u017cd\u0105 spraw\u0119 prowadzimy z najwy\u017cszym zaanga\u017cowaniem i dba\u0142o\u015bci\u0105 o dobro klienta.<\/p>\n<\/div><\/div>\n\n<\/div><\/div>","protected":false},"excerpt":{"rendered":"<p>KANCELARIA RADCY PRAWNEGO EWELINA WOJTAN KANCELARIA RADCY PRAWNEGO EWELINA WOJTAN Lokalizacja: lok. 507, V pi\u0119tro.Kontakt: 883\u00a0354\u00a0464 \/\u00a0www.wojtankacelaria.pl\u00a0\/\u00a0radca@wojtankancelaria.pl Opis Firmy: Kancelaria \u015bwiadczy us\u0142ugi prawne zar\u00f3wno na rzecz klient\u00f3w indywidualnych jak te\u017c prowadzi profesjonaln\u0105 i kompleksow\u0105 obs\u0142ug\u0119 prawn\u0105 os\u00f3b fizycznych prowadz\u0105cych jednoosobow\u0105 dzia\u0142alno\u015b\u0107 gospodarcz\u0105, sp\u00f3\u0142ek cywilnych, sp\u00f3\u0142ek prawa handlowego, jednostek sektora finans\u00f3w publicznych zar\u00f3wno w formie sta\u0142ej&#8230;<\/p>\n","protected":false},"author":1,"featured_media":0,"parent":0,"menu_order":0,"comment_status":"closed","ping_status":"closed","template":"","meta":{"_kadence_starter_templates_imported_post":true,"_kad_post_transparent":"","_kad_post_title":"hide","_kad_post_layout":"fullwidth","_kad_post_sidebar_id":"","_kad_post_content_style":"unboxed","_kad_post_vertical_padding":"hide","_kad_post_feature":"hide","_kad_post_feature_position":"","_kad_post_header":false,"_kad_post_footer":false,"footnotes":""},"class_list":["post-2014","page","type-page","status-publish","hentry"],"_links":{"self":[{"href":"https:\/\/metalowiecstalowawola.pl\/index.php\/wp-json\/wp\/v2\/pages\/2014","targetHints":{"allow":["GET"]}}],"collection":[{"href":"https:\/\/metalowiecstalowawola.pl\/index.php\/wp-json\/wp\/v2\/pages"}],"about":[{"href":"https:\/\/metalowiecstalowawola.pl\/index.php\/wp-json\/wp\/v2\/types\/page"}],"author":[{"embeddable":true,"href":"https:\/\/metalowiecstalowawola.pl\/index.php\/wp-json\/wp\/v2\/users\/1"}],"replies":[{"embeddable":true,"href":"https:\/\/metalowiecstalowawola.pl\/index.php\/wp-json\/wp\/v2\/comments?post=2014"}],"version-history":[{"count":1,"href":"https:\/\/metalowiecstalowawola.pl\/index.php\/wp-json\/wp\/v2\/pages\/2014\/revisions"}],"predecessor-version":[{"id":2015,"href":"https:\/\/metalowiecstalowawola.pl\/index.php\/wp-json\/wp\/v2\/pages\/2014\/revisions\/2015"}],"wp:attachment":[{"href":"https:\/\/metalowiecstalowawola.pl\/index.php\/wp-json\/wp\/v2\/media?parent=2014"}],"curies":[{"name":"wp","href":"https:\/\/api.w.org\/{rel}","templated":true}]}}