{"id":2024,"date":"2025-01-24T23:57:30","date_gmt":"2025-01-24T22:57:30","guid":{"rendered":"https:\/\/metalowiecstalowawola.pl\/?page_id=2024"},"modified":"2025-01-24T23:57:30","modified_gmt":"2025-01-24T22:57:30","slug":"medorto","status":"publish","type":"page","link":"https:\/\/metalowiecstalowawola.pl\/index.php\/medorto\/","title":{"rendered":"Medorto"},"content":{"rendered":"<style>.kb-row-layout-id2024_56520d-dd > .kt-row-column-wrap{align-content:start;}:where(.kb-row-layout-id2024_56520d-dd > .kt-row-column-wrap) > .wp-block-kadence-column{justify-content:start;}.kb-row-layout-id2024_56520d-dd > .kt-row-column-wrap{column-gap:var(--global-kb-gap-md, 2rem);row-gap:var(--global-kb-gap-md, 2rem);max-width:700px;margin-left:auto;margin-right:auto;padding-top:150px;padding-right:0px;padding-bottom:120px;padding-left:0px;grid-template-columns:minmax(0, 1fr);}.kb-row-layout-id2024_56520d-dd > .kt-row-layout-overlay{opacity:0.70;background:linear-gradient(135deg,var(--global-palette9) 0%,rgb(0,167,255) 53%,var(--global-palette9) 100%);}@media all and (max-width: 1024px){.kb-row-layout-id2024_56520d-dd > .kt-row-column-wrap{padding-top:140px;padding-right:0px;padding-bottom:80px;padding-left:0px;grid-template-columns:minmax(0, 1fr);}}@media all and (max-width: 767px){.kb-row-layout-id2024_56520d-dd > .kt-row-column-wrap{padding-top:120px;padding-right:20px;padding-bottom:50px;padding-left:20px;grid-template-columns:minmax(0, 1fr);}}<\/style><div class=\"kb-row-layout-wrap kb-row-layout-id2024_56520d-dd alignnone has-theme-palette8-background-color kt-row-has-bg wp-block-kadence-rowlayout\"><div class=\"kt-row-layout-overlay kt-row-overlay-gradient\"><\/div><div class=\"kt-row-column-wrap kt-has-1-columns kt-row-layout-equal kt-tab-layout-inherit kt-mobile-layout-row kt-row-valign-top\">\n<style>.kadence-column2024_16ea7c-5f > .kt-inside-inner-col{padding-top:10px;padding-right:10px;padding-bottom:10px;padding-left:10px;}.kadence-column2024_16ea7c-5f > .kt-inside-inner-col,.kadence-column2024_16ea7c-5f > .kt-inside-inner-col:before{border-top-left-radius:0px;border-top-right-radius:0px;border-bottom-right-radius:0px;border-bottom-left-radius:0px;}.kadence-column2024_16ea7c-5f > .kt-inside-inner-col{column-gap:var(--global-kb-gap-sm, 1rem);}.kadence-column2024_16ea7c-5f > .kt-inside-inner-col{flex-direction:column;}.kadence-column2024_16ea7c-5f > .kt-inside-inner-col > .aligncenter{width:100%;}.kadence-column2024_16ea7c-5f > .kt-inside-inner-col:before{opacity:0.3;}.kadence-column2024_16ea7c-5f{position:relative;}@media all and (max-width: 1024px){.kadence-column2024_16ea7c-5f > .kt-inside-inner-col{flex-direction:column;}}@media all and (max-width: 767px){.kadence-column2024_16ea7c-5f > .kt-inside-inner-col{flex-direction:column;}}<\/style>\n<div class=\"wp-block-kadence-column kadence-column2024_16ea7c-5f inner-column-1\"><div class=\"kt-inside-inner-col\"><style>.wp-block-kadence-advancedheading.kt-adv-heading2024_e975a0-95, .wp-block-kadence-advancedheading.kt-adv-heading2024_e975a0-95[data-kb-block=\"kb-adv-heading2024_e975a0-95\"]{margin-bottom:22.5px;text-align:center;line-height:1.3em;font-style:normal;}.wp-block-kadence-advancedheading.kt-adv-heading2024_e975a0-95 mark.kt-highlight, .wp-block-kadence-advancedheading.kt-adv-heading2024_e975a0-95[data-kb-block=\"kb-adv-heading2024_e975a0-95\"] mark.kt-highlight{font-style:normal;color:#f76a0c;-webkit-box-decoration-break:clone;box-decoration-break:clone;padding-top:0px;padding-right:0px;padding-bottom:0px;padding-left:0px;}@media all and (max-width: 1024px){.wp-block-kadence-advancedheading.kt-adv-heading2024_e975a0-95, .wp-block-kadence-advancedheading.kt-adv-heading2024_e975a0-95[data-kb-block=\"kb-adv-heading2024_e975a0-95\"]{margin-bottom:17.5px;}}<\/style>\n<h1 class=\"kt-adv-heading2024_e975a0-95 wp-block-kadence-advancedheading\" data-kb-block=\"kb-adv-heading2024_e975a0-95\">Medorto &#8211; us\u0142ugi medyczne i zdrowotne<\/h1>\n<\/div><\/div>\n\n<\/div><\/div>\n\n<style>.kb-row-layout-id2024_031567-ba > .kt-row-column-wrap{align-content:start;}:where(.kb-row-layout-id2024_031567-ba > .kt-row-column-wrap) > .wp-block-kadence-column{justify-content:start;}.kb-row-layout-id2024_031567-ba > .kt-row-column-wrap{column-gap:var(--global-kb-gap-none, 0rem );row-gap:var(--global-kb-gap-none, 0rem );max-width:var( --global-content-width, 1290px );padding-left:var(--global-content-edge-padding);padding-right:var(--global-content-edge-padding);padding-top:51px;padding-right:0px;padding-bottom:0px;padding-left:0px;grid-template-columns:minmax(0, calc(40% - ((var(--global-kb-gap-none, 0rem ) * 1 )\/2)))minmax(0, calc(60% - ((var(--global-kb-gap-none, 0rem ) * 1 )\/2)));}.kb-row-layout-id2024_031567-ba > .kt-row-layout-overlay{opacity:0.30;}@media all and (max-width: 1024px){.kb-row-layout-id2024_031567-ba > .kt-row-column-wrap{padding-top:80px;padding-right:20px;padding-bottom:0px;padding-left:20px;grid-template-columns:minmax(0, 1fr);}}@media all and (max-width: 767px){.kb-row-layout-id2024_031567-ba > .kt-row-column-wrap{padding-top:60px;padding-right:0px;padding-bottom:0px;padding-left:0px;grid-template-columns:minmax(0, 1fr);}}<\/style><div class=\"kb-row-layout-wrap kb-row-layout-id2024_031567-ba alignnone wp-block-kadence-rowlayout\"><div class=\"kt-row-column-wrap kt-has-2-columns kt-row-layout-equal kt-tab-layout-row kt-mobile-layout-row kt-row-valign-top kb-theme-content-width\">\n<style>.kadence-column2024_ec546b-91 > .kt-inside-inner-col{padding-top:10px;padding-right:10px;padding-bottom:10px;padding-left:10px;}.kadence-column2024_ec546b-91 > .kt-inside-inner-col,.kadence-column2024_ec546b-91 > .kt-inside-inner-col:before{border-top-left-radius:0px;border-top-right-radius:0px;border-bottom-right-radius:0px;border-bottom-left-radius:0px;}.kadence-column2024_ec546b-91 > .kt-inside-inner-col{column-gap:var(--global-kb-gap-sm, 1rem);}.kadence-column2024_ec546b-91 > .kt-inside-inner-col{flex-direction:column;}.kadence-column2024_ec546b-91 > .kt-inside-inner-col > .aligncenter{width:100%;}.kadence-column2024_ec546b-91 > .kt-inside-inner-col:before{opacity:0.3;}.kadence-column2024_ec546b-91{position:relative;}@media all and (max-width: 1024px){.kadence-column2024_ec546b-91 > .kt-inside-inner-col{flex-direction:column;}}@media all and (max-width: 767px){.kadence-column2024_ec546b-91 > .kt-inside-inner-col{flex-direction:column;}}<\/style>\n<div class=\"wp-block-kadence-column kadence-column2024_ec546b-91 inner-column-1\"><div class=\"kt-inside-inner-col\"><style>.kb-image2024_677cb7-f7 .kb-image-has-overlay:after{opacity:0.3;}<\/style>\n<div class=\"wp-block-kadence-image kb-image2024_677cb7-f7\"><figure class=\"aligncenter\"><a href=\"https:\/\/ekosanstw.pl\/\" class=\"kb-advanced-image-link\"><img loading=\"lazy\" decoding=\"async\" width=\"680\" height=\"197\" src=\"https:\/\/metalowiecstalowawola.pl\/wp-content\/uploads\/2025\/01\/logo_medorto-e1737759049472.jpg\" class=\"kb-img wp-image-2022\" srcset=\"https:\/\/metalowiecstalowawola.pl\/wp-content\/uploads\/2025\/01\/logo_medorto-e1737759049472.jpg 680w, https:\/\/metalowiecstalowawola.pl\/wp-content\/uploads\/2025\/01\/logo_medorto-e1737759049472-300x87.jpg 300w\" sizes=\"auto, (max-width: 680px) 100vw, 680px\" \/><\/a><\/figure><\/div>\n<\/div><\/div>\n\n\n<style>.kadence-column2024_3499c4-65 > .kt-inside-inner-col{padding-top:10px;padding-right:10px;padding-bottom:10px;padding-left:10px;}.kadence-column2024_3499c4-65 > .kt-inside-inner-col,.kadence-column2024_3499c4-65 > .kt-inside-inner-col:before{border-top-left-radius:0px;border-top-right-radius:0px;border-bottom-right-radius:0px;border-bottom-left-radius:0px;}.kadence-column2024_3499c4-65 > .kt-inside-inner-col{column-gap:var(--global-kb-gap-sm, 1rem);}.kadence-column2024_3499c4-65 > .kt-inside-inner-col{flex-direction:column;}.kadence-column2024_3499c4-65 > .kt-inside-inner-col > .aligncenter{width:100%;}.kadence-column2024_3499c4-65 > .kt-inside-inner-col:before{opacity:0.3;}.kadence-column2024_3499c4-65{position:relative;}@media all and (max-width: 1024px){.kadence-column2024_3499c4-65 > .kt-inside-inner-col{flex-direction:column;}}@media all and (max-width: 767px){.kadence-column2024_3499c4-65 > .kt-inside-inner-col{flex-direction:column;}}<\/style>\n<div class=\"wp-block-kadence-column kadence-column2024_3499c4-65 inner-column-2\"><div class=\"kt-inside-inner-col\"><style>.wp-block-kadence-advancedheading.kt-adv-heading2024_979d9c-95, .wp-block-kadence-advancedheading.kt-adv-heading2024_979d9c-95[data-kb-block=\"kb-adv-heading2024_979d9c-95\"]{font-size:24px;font-style:normal;color:#000000;}.wp-block-kadence-advancedheading.kt-adv-heading2024_979d9c-95 mark.kt-highlight, .wp-block-kadence-advancedheading.kt-adv-heading2024_979d9c-95[data-kb-block=\"kb-adv-heading2024_979d9c-95\"] mark.kt-highlight{font-style:normal;color:#f76a0c;-webkit-box-decoration-break:clone;box-decoration-break:clone;padding-top:0px;padding-right:0px;padding-bottom:0px;padding-left:0px;}<\/style>\n<h2 class=\"kt-adv-heading2024_979d9c-95 wp-block-kadence-advancedheading\" data-kb-block=\"kb-adv-heading2024_979d9c-95\"><strong><strong>Medorto &#8211; us\u0142ugi medyczne i zdrowotne<\/strong><\/strong><\/h2>\n\n\n<style>.wp-block-kadence-advancedheading.kt-adv-heading2024_680f0a-84, .wp-block-kadence-advancedheading.kt-adv-heading2024_680f0a-84[data-kb-block=\"kb-adv-heading2024_680f0a-84\"]{font-style:normal;}.wp-block-kadence-advancedheading.kt-adv-heading2024_680f0a-84 mark.kt-highlight, .wp-block-kadence-advancedheading.kt-adv-heading2024_680f0a-84[data-kb-block=\"kb-adv-heading2024_680f0a-84\"] mark.kt-highlight{font-style:normal;color:#f76a0c;-webkit-box-decoration-break:clone;box-decoration-break:clone;padding-top:0px;padding-right:0px;padding-bottom:0px;padding-left:0px;}<\/style>\n<p class=\"kt-adv-heading2024_680f0a-84 wp-block-kadence-advancedheading has-theme-palette-3-color has-text-color\" data-kb-block=\"kb-adv-heading2024_680f0a-84\"><strong>Lokalizacja:<\/strong> lok. 701, VII pi\u0119tro.<br><strong><strong>Kontakt:<\/strong><\/strong> +48 733 993 198\u00a0\/\u00a0<a href=\"mailto:stalowawola@medorto.net\">stalowawola@medorto.net<\/a>\u00a0\/\u00a0<a href=\"http:\/\/www.medorto.pl\/\">www.medorto.pl<\/a>\u00a0<\/p>\n<\/div><\/div>\n\n<\/div><\/div>\n\n<style>.kb-row-layout-id2024_0f1026-a1 > .kt-row-column-wrap{align-content:start;}:where(.kb-row-layout-id2024_0f1026-a1 > .kt-row-column-wrap) > .wp-block-kadence-column{justify-content:start;}.kb-row-layout-id2024_0f1026-a1 > .kt-row-column-wrap{column-gap:var(--global-kb-gap-md, 2rem);row-gap:var(--global-kb-gap-md, 2rem);max-width:var( --global-content-width, 1290px );padding-left:var(--global-content-edge-padding);padding-right:var(--global-content-edge-padding);padding-top:15px;padding-right:0px;padding-bottom:15px;padding-left:0px;grid-template-columns:minmax(0, 1fr);}.kb-row-layout-id2024_0f1026-a1 > .kt-row-layout-overlay{opacity:0.30;}@media all and (max-width: 1024px){.kb-row-layout-id2024_0f1026-a1 > .kt-row-column-wrap{padding-top:0px;padding-right:30px;padding-bottom:70px;padding-left:30px;grid-template-columns:minmax(0, 1fr);}}@media all and (max-width: 767px){.kb-row-layout-id2024_0f1026-a1 > .kt-row-column-wrap{padding-top:20px;padding-right:20px;padding-bottom:60px;padding-left:20px;grid-template-columns:minmax(0, 1fr);}}<\/style><div class=\"kb-row-layout-wrap kb-row-layout-id2024_0f1026-a1 alignnone wp-block-kadence-rowlayout\"><div class=\"kt-row-column-wrap kt-has-1-columns kt-row-layout-equal kt-tab-layout-inherit kt-mobile-layout-row kt-row-valign-top kb-theme-content-width\">\n<style>.kadence-column2024_50ff18-c5 > .kt-inside-inner-col,.kadence-column2024_50ff18-c5 > .kt-inside-inner-col:before{border-top-left-radius:0px;border-top-right-radius:0px;border-bottom-right-radius:0px;border-bottom-left-radius:0px;}.kadence-column2024_50ff18-c5 > .kt-inside-inner-col{column-gap:var(--global-kb-gap-sm, 1rem);}.kadence-column2024_50ff18-c5 > .kt-inside-inner-col{flex-direction:column;}.kadence-column2024_50ff18-c5 > .kt-inside-inner-col > .aligncenter{width:100%;}.kadence-column2024_50ff18-c5 > .kt-inside-inner-col:before{opacity:0.3;}.kadence-column2024_50ff18-c5{position:relative;}@media all and (max-width: 1024px){.kadence-column2024_50ff18-c5 > .kt-inside-inner-col{flex-direction:column;}}@media all and (max-width: 767px){.kadence-column2024_50ff18-c5 > .kt-inside-inner-col{flex-direction:column;}}<\/style>\n<div class=\"wp-block-kadence-column kadence-column2024_50ff18-c5\"><div class=\"kt-inside-inner-col\"><style>.wp-block-kadence-advancedheading.kt-adv-heading2024_3cff3e-d0, .wp-block-kadence-advancedheading.kt-adv-heading2024_3cff3e-d0[data-kb-block=\"kb-adv-heading2024_3cff3e-d0\"]{font-size:24px;font-style:normal;}.wp-block-kadence-advancedheading.kt-adv-heading2024_3cff3e-d0 mark.kt-highlight, .wp-block-kadence-advancedheading.kt-adv-heading2024_3cff3e-d0[data-kb-block=\"kb-adv-heading2024_3cff3e-d0\"] mark.kt-highlight{font-style:normal;color:#f76a0c;-webkit-box-decoration-break:clone;box-decoration-break:clone;padding-top:0px;padding-right:0px;padding-bottom:0px;padding-left:0px;}<\/style>\n<h2 class=\"kt-adv-heading2024_3cff3e-d0 wp-block-kadence-advancedheading\" data-kb-block=\"kb-adv-heading2024_3cff3e-d0\">Opis Firmy:<\/h2>\n<\/div><\/div>\n\n<\/div><\/div>\n\n<style>.kb-row-layout-id2024_29cc9e-9f > .kt-row-column-wrap{align-content:start;}:where(.kb-row-layout-id2024_29cc9e-9f > .kt-row-column-wrap) > .wp-block-kadence-column{justify-content:start;}.kb-row-layout-id2024_29cc9e-9f > .kt-row-column-wrap{column-gap:var(--global-kb-gap-md, 2rem);row-gap:var(--global-kb-gap-md, 2rem);max-width:var( --global-content-width, 1290px );padding-left:var(--global-content-edge-padding);padding-right:var(--global-content-edge-padding);padding-top:15px;padding-right:0px;padding-bottom:50px;padding-left:0px;grid-template-columns:minmax(0, 1fr);}.kb-row-layout-id2024_29cc9e-9f > .kt-row-layout-overlay{opacity:0.30;}@media all and (max-width: 1024px){.kb-row-layout-id2024_29cc9e-9f > .kt-row-column-wrap{padding-top:0px;padding-right:30px;padding-bottom:70px;padding-left:30px;grid-template-columns:minmax(0, 1fr);}}@media all and (max-width: 767px){.kb-row-layout-id2024_29cc9e-9f > .kt-row-column-wrap{padding-top:20px;padding-right:20px;padding-bottom:60px;padding-left:20px;grid-template-columns:minmax(0, 1fr);}}<\/style><div class=\"kb-row-layout-wrap kb-row-layout-id2024_29cc9e-9f alignnone wp-block-kadence-rowlayout\"><div class=\"kt-row-column-wrap kt-has-1-columns kt-row-layout-equal kt-tab-layout-inherit kt-mobile-layout-row kt-row-valign-top kb-theme-content-width\">\n<style>.kadence-column2024_c63827-b3 > .kt-inside-inner-col,.kadence-column2024_c63827-b3 > .kt-inside-inner-col:before{border-top-left-radius:0px;border-top-right-radius:0px;border-bottom-right-radius:0px;border-bottom-left-radius:0px;}.kadence-column2024_c63827-b3 > .kt-inside-inner-col{column-gap:var(--global-kb-gap-sm, 1rem);}.kadence-column2024_c63827-b3 > .kt-inside-inner-col{flex-direction:column;}.kadence-column2024_c63827-b3 > .kt-inside-inner-col > .aligncenter{width:100%;}.kadence-column2024_c63827-b3 > .kt-inside-inner-col:before{opacity:0.3;}.kadence-column2024_c63827-b3{position:relative;}@media all and (max-width: 1024px){.kadence-column2024_c63827-b3 > .kt-inside-inner-col{flex-direction:column;}}@media all and (max-width: 767px){.kadence-column2024_c63827-b3 > .kt-inside-inner-col{flex-direction:column;}}<\/style>\n<div class=\"wp-block-kadence-column kadence-column2024_c63827-b3\"><div class=\"kt-inside-inner-col\"><style>.wp-block-kadence-advancedheading.kt-adv-heading2024_fd65cd-c0, .wp-block-kadence-advancedheading.kt-adv-heading2024_fd65cd-c0[data-kb-block=\"kb-adv-heading2024_fd65cd-c0\"]{font-size:var(--global-kb-font-size-md, 1.25rem);font-style:normal;}.wp-block-kadence-advancedheading.kt-adv-heading2024_fd65cd-c0 mark.kt-highlight, .wp-block-kadence-advancedheading.kt-adv-heading2024_fd65cd-c0[data-kb-block=\"kb-adv-heading2024_fd65cd-c0\"] mark.kt-highlight{font-style:normal;color:#f76a0c;-webkit-box-decoration-break:clone;box-decoration-break:clone;padding-top:0px;padding-right:0px;padding-bottom:0px;padding-left:0px;}<\/style>\n<p class=\"kt-adv-heading2024_fd65cd-c0 wp-block-kadence-advancedheading\" data-kb-block=\"kb-adv-heading2024_fd65cd-c0\">Jeste\u015bmy sieci\u0105 Sklep\u00f3w Medycznych z w\u0142asn\u0105 hurtowni\u0105, z g\u0142\u00f3wn\u0105 siedzib\u0105 w Tarnobrzegu.<br>Dzia\u0142amy na rynku od 2012 roku.<br>Wsp\u00f3\u0142pracujemy z wykwalifikowanymi fizjoterapeutami i s\u0142u\u017cymy pomoc\u0105.<br>\u00a0<br>Nasz personel to r\u00f3wnie\u017c piel\u0119gniarki i farmaceuci. Dysponujemy szerokim asortymentem, przez co ka\u017cdy klient wychodzi zadowolony.<br>Jeste\u015bmy elastyczni i dostosowujemy si\u0119 do wymaga\u0144 naszych klient\u00f3w.\u00a0Gwarantujemy atrakcyjne ceny i dogodne formy p\u0142atno\u015bci.<br>\u00a0<br>Realizujemy wnioski NFZ na sprz\u0119t ortopedyczny, rehabilitacyjny oraz \u015brodki pomocnicze.<\/p>\n\n\n\n<p><strong>Oferujemy sprzeda\u017c:<\/strong><br>sprz\u0119tu ortopedycznego,<br>sprz\u0119tu rehabilitacyjnego,<br>sprz\u0119tu stomijnego i urologicznego,<br>sprz\u0119tu pomocniczego,<br>sprz\u0119tu pionizuj\u0105cego,<br>pieluch, pieluchomajtek,<br>\u015brodk\u00f3w higieny,<br>artyku\u0142\u00f3w przeciwodle\u017cynowych,<br>kosmetyk\u00f3w,<br>rozliczamy dofinansowania z PCPR, MOPS.<\/p>\n\n\n\n<p>Wsp\u00f3\u0142pracujemy z wiod\u0105cymi producentami w kategorii pieluch, sprz\u0119tu rehabilitacyjnego, sprz\u0119tu ortopedycznego, stomijnego.<\/p>\n<\/div><\/div>\n\n<\/div><\/div>","protected":false},"excerpt":{"rendered":"<p>Medorto &#8211; us\u0142ugi medyczne i zdrowotne Medorto &#8211; us\u0142ugi medyczne i zdrowotne Lokalizacja: lok. 701, VII pi\u0119tro.Kontakt: +48 733 993 198\u00a0\/\u00a0stalowawola@medorto.net\u00a0\/\u00a0www.medorto.pl\u00a0 Opis Firmy: Jeste\u015bmy sieci\u0105 Sklep\u00f3w Medycznych z w\u0142asn\u0105 hurtowni\u0105, z g\u0142\u00f3wn\u0105 siedzib\u0105 w Tarnobrzegu.Dzia\u0142amy na rynku od 2012 roku.Wsp\u00f3\u0142pracujemy z wykwalifikowanymi fizjoterapeutami i s\u0142u\u017cymy pomoc\u0105.\u00a0Nasz personel to r\u00f3wnie\u017c piel\u0119gniarki i farmaceuci. Dysponujemy szerokim asortymentem,&#8230;<\/p>\n","protected":false},"author":1,"featured_media":0,"parent":0,"menu_order":0,"comment_status":"closed","ping_status":"closed","template":"","meta":{"_kadence_starter_templates_imported_post":true,"_kad_post_transparent":"","_kad_post_title":"hide","_kad_post_layout":"fullwidth","_kad_post_sidebar_id":"","_kad_post_content_style":"unboxed","_kad_post_vertical_padding":"hide","_kad_post_feature":"hide","_kad_post_feature_position":"","_kad_post_header":false,"_kad_post_footer":false,"footnotes":""},"class_list":["post-2024","page","type-page","status-publish","hentry"],"_links":{"self":[{"href":"https:\/\/metalowiecstalowawola.pl\/index.php\/wp-json\/wp\/v2\/pages\/2024","targetHints":{"allow":["GET"]}}],"collection":[{"href":"https:\/\/metalowiecstalowawola.pl\/index.php\/wp-json\/wp\/v2\/pages"}],"about":[{"href":"https:\/\/metalowiecstalowawola.pl\/index.php\/wp-json\/wp\/v2\/types\/page"}],"author":[{"embeddable":true,"href":"https:\/\/metalowiecstalowawola.pl\/index.php\/wp-json\/wp\/v2\/users\/1"}],"replies":[{"embeddable":true,"href":"https:\/\/metalowiecstalowawola.pl\/index.php\/wp-json\/wp\/v2\/comments?post=2024"}],"version-history":[{"count":1,"href":"https:\/\/metalowiecstalowawola.pl\/index.php\/wp-json\/wp\/v2\/pages\/2024\/revisions"}],"predecessor-version":[{"id":2025,"href":"https:\/\/metalowiecstalowawola.pl\/index.php\/wp-json\/wp\/v2\/pages\/2024\/revisions\/2025"}],"wp:attachment":[{"href":"https:\/\/metalowiecstalowawola.pl\/index.php\/wp-json\/wp\/v2\/media?parent=2024"}],"curies":[{"name":"wp","href":"https:\/\/api.w.org\/{rel}","templated":true}]}}