{"id":2044,"date":"2025-01-27T09:40:28","date_gmt":"2025-01-27T08:40:28","guid":{"rendered":"https:\/\/metalowiecstalowawola.pl\/?page_id=2044"},"modified":"2025-01-27T09:40:28","modified_gmt":"2025-01-27T08:40:28","slug":"eltech","status":"publish","type":"page","link":"https:\/\/metalowiecstalowawola.pl\/index.php\/eltech\/","title":{"rendered":"Eltech"},"content":{"rendered":"<style>.kb-row-layout-id2044_010c99-63 > .kt-row-column-wrap{align-content:start;}:where(.kb-row-layout-id2044_010c99-63 > .kt-row-column-wrap) > .wp-block-kadence-column{justify-content:start;}.kb-row-layout-id2044_010c99-63 > .kt-row-column-wrap{column-gap:var(--global-kb-gap-md, 2rem);row-gap:var(--global-kb-gap-md, 2rem);max-width:628px;margin-left:auto;margin-right:auto;padding-top:150px;padding-right:0px;padding-bottom:120px;padding-left:0px;grid-template-columns:minmax(0, 1fr);}.kb-row-layout-id2044_010c99-63 > .kt-row-layout-overlay{opacity:0.70;background:linear-gradient(135deg,var(--global-palette9) 0%,rgb(0,167,255) 53%,var(--global-palette9) 100%);}@media all and (max-width: 1024px){.kb-row-layout-id2044_010c99-63 > .kt-row-column-wrap{padding-top:140px;padding-right:0px;padding-bottom:80px;padding-left:0px;grid-template-columns:minmax(0, 1fr);}}@media all and (max-width: 767px){.kb-row-layout-id2044_010c99-63 > .kt-row-column-wrap{padding-top:120px;padding-right:20px;padding-bottom:50px;padding-left:20px;grid-template-columns:minmax(0, 1fr);}}<\/style><div class=\"kb-row-layout-wrap kb-row-layout-id2044_010c99-63 alignnone has-theme-palette8-background-color kt-row-has-bg wp-block-kadence-rowlayout\"><div class=\"kt-row-layout-overlay kt-row-overlay-gradient\"><\/div><div class=\"kt-row-column-wrap kt-has-1-columns kt-row-layout-equal kt-tab-layout-inherit kt-mobile-layout-row kt-row-valign-top\">\n<style>.kadence-column2044_a89bb0-20 > .kt-inside-inner-col{padding-top:10px;padding-right:10px;padding-bottom:10px;padding-left:10px;}.kadence-column2044_a89bb0-20 > .kt-inside-inner-col,.kadence-column2044_a89bb0-20 > .kt-inside-inner-col:before{border-top-left-radius:0px;border-top-right-radius:0px;border-bottom-right-radius:0px;border-bottom-left-radius:0px;}.kadence-column2044_a89bb0-20 > .kt-inside-inner-col{column-gap:var(--global-kb-gap-sm, 1rem);}.kadence-column2044_a89bb0-20 > .kt-inside-inner-col{flex-direction:column;}.kadence-column2044_a89bb0-20 > .kt-inside-inner-col > .aligncenter{width:100%;}.kadence-column2044_a89bb0-20 > .kt-inside-inner-col:before{opacity:0.3;}.kadence-column2044_a89bb0-20{position:relative;}@media all and (max-width: 1024px){.kadence-column2044_a89bb0-20 > .kt-inside-inner-col{flex-direction:column;}}@media all and (max-width: 767px){.kadence-column2044_a89bb0-20 > .kt-inside-inner-col{flex-direction:column;}}<\/style>\n<div class=\"wp-block-kadence-column kadence-column2044_a89bb0-20 inner-column-1\"><div class=\"kt-inside-inner-col\"><style>.wp-block-kadence-advancedheading.kt-adv-heading2044_094bfd-00, .wp-block-kadence-advancedheading.kt-adv-heading2044_094bfd-00[data-kb-block=\"kb-adv-heading2044_094bfd-00\"]{margin-bottom:22.5px;text-align:center;line-height:1.3em;font-style:normal;}.wp-block-kadence-advancedheading.kt-adv-heading2044_094bfd-00 mark.kt-highlight, .wp-block-kadence-advancedheading.kt-adv-heading2044_094bfd-00[data-kb-block=\"kb-adv-heading2044_094bfd-00\"] mark.kt-highlight{font-style:normal;color:#f76a0c;-webkit-box-decoration-break:clone;box-decoration-break:clone;padding-top:0px;padding-right:0px;padding-bottom:0px;padding-left:0px;}@media all and (max-width: 1024px){.wp-block-kadence-advancedheading.kt-adv-heading2044_094bfd-00, .wp-block-kadence-advancedheading.kt-adv-heading2044_094bfd-00[data-kb-block=\"kb-adv-heading2044_094bfd-00\"]{margin-bottom:17.5px;}}<\/style>\n<h1 class=\"kt-adv-heading2044_094bfd-00 wp-block-kadence-advancedheading\" data-kb-block=\"kb-adv-heading2044_094bfd-00\"><a href=\"https:\/\/ekosanstw.pl\/\"><\/a><br><strong>Centrala Techniczna ELTECH Sp. z o.o. Biuro Handlowe Stalowa Wola<\/strong><\/h1>\n<\/div><\/div>\n\n<\/div><\/div>\n\n<style>.kb-row-layout-id2044_ca4f8f-99 > .kt-row-column-wrap{align-content:start;}:where(.kb-row-layout-id2044_ca4f8f-99 > .kt-row-column-wrap) > .wp-block-kadence-column{justify-content:start;}.kb-row-layout-id2044_ca4f8f-99 > .kt-row-column-wrap{column-gap:var(--global-kb-gap-none, 0rem );row-gap:var(--global-kb-gap-none, 0rem );max-width:var( --global-content-width, 1290px );padding-left:var(--global-content-edge-padding);padding-right:var(--global-content-edge-padding);padding-top:51px;padding-right:0px;padding-bottom:0px;padding-left:0px;grid-template-columns:minmax(0, calc(45% - ((var(--global-kb-gap-none, 0rem ) * 1 )\/2)))minmax(0, calc(55% - ((var(--global-kb-gap-none, 0rem ) * 1 )\/2)));}.kb-row-layout-id2044_ca4f8f-99 > .kt-row-layout-overlay{opacity:0.30;}@media all and (max-width: 1024px){.kb-row-layout-id2044_ca4f8f-99 > .kt-row-column-wrap{padding-top:80px;padding-right:20px;padding-bottom:0px;padding-left:20px;grid-template-columns:minmax(0, 1fr);}}@media all and (max-width: 767px){.kb-row-layout-id2044_ca4f8f-99 > .kt-row-column-wrap{padding-top:60px;padding-right:0px;padding-bottom:0px;padding-left:0px;grid-template-columns:minmax(0, 1fr);}}<\/style><div class=\"kb-row-layout-wrap kb-row-layout-id2044_ca4f8f-99 alignnone wp-block-kadence-rowlayout\"><div class=\"kt-row-column-wrap kt-has-2-columns kt-row-layout-equal kt-tab-layout-row kt-mobile-layout-row kt-row-valign-top kb-theme-content-width\">\n<style>.kadence-column2044_25b955-b2 > .kt-inside-inner-col{padding-top:10px;padding-right:10px;padding-bottom:10px;padding-left:10px;}.kadence-column2044_25b955-b2 > .kt-inside-inner-col,.kadence-column2044_25b955-b2 > .kt-inside-inner-col:before{border-top-left-radius:0px;border-top-right-radius:0px;border-bottom-right-radius:0px;border-bottom-left-radius:0px;}.kadence-column2044_25b955-b2 > .kt-inside-inner-col{column-gap:var(--global-kb-gap-sm, 1rem);}.kadence-column2044_25b955-b2 > .kt-inside-inner-col{flex-direction:column;}.kadence-column2044_25b955-b2 > .kt-inside-inner-col > .aligncenter{width:100%;}.kadence-column2044_25b955-b2 > .kt-inside-inner-col:before{opacity:0.3;}.kadence-column2044_25b955-b2{position:relative;}@media all and (max-width: 1024px){.kadence-column2044_25b955-b2 > .kt-inside-inner-col{flex-direction:column;}}@media all and (max-width: 767px){.kadence-column2044_25b955-b2 > .kt-inside-inner-col{flex-direction:column;}}<\/style>\n<div class=\"wp-block-kadence-column kadence-column2044_25b955-b2 inner-column-1\"><div class=\"kt-inside-inner-col\"><style>.kb-image2044_3fcc44-f1 .kb-image-has-overlay:after{opacity:0.3;}<\/style>\n<div class=\"wp-block-kadence-image kb-image2044_3fcc44-f1\"><figure class=\"aligncenter\"><a href=\"https:\/\/ekosanstw.pl\/\" class=\"kb-advanced-image-link\"><img loading=\"lazy\" decoding=\"async\" width=\"267\" height=\"70\" src=\"https:\/\/metalowiecstalowawola.pl\/wp-content\/uploads\/2025\/01\/logo-eltech-35-lat.jpg\" class=\"kb-img wp-image-1962\"\/><\/a><\/figure><\/div>\n<\/div><\/div>\n\n\n<style>.kadence-column2044_de7b19-9b > .kt-inside-inner-col{padding-top:10px;padding-right:10px;padding-bottom:10px;padding-left:10px;}.kadence-column2044_de7b19-9b > .kt-inside-inner-col,.kadence-column2044_de7b19-9b > .kt-inside-inner-col:before{border-top-left-radius:0px;border-top-right-radius:0px;border-bottom-right-radius:0px;border-bottom-left-radius:0px;}.kadence-column2044_de7b19-9b > .kt-inside-inner-col{column-gap:var(--global-kb-gap-sm, 1rem);}.kadence-column2044_de7b19-9b > .kt-inside-inner-col{flex-direction:column;}.kadence-column2044_de7b19-9b > .kt-inside-inner-col > .aligncenter{width:100%;}.kadence-column2044_de7b19-9b > .kt-inside-inner-col:before{opacity:0.3;}.kadence-column2044_de7b19-9b{position:relative;}@media all and (max-width: 1024px){.kadence-column2044_de7b19-9b > .kt-inside-inner-col{flex-direction:column;}}@media all and (max-width: 767px){.kadence-column2044_de7b19-9b > .kt-inside-inner-col{flex-direction:column;}}<\/style>\n<div class=\"wp-block-kadence-column kadence-column2044_de7b19-9b inner-column-2\"><div class=\"kt-inside-inner-col\"><style>.wp-block-kadence-advancedheading.kt-adv-heading2044_66228d-ed, .wp-block-kadence-advancedheading.kt-adv-heading2044_66228d-ed[data-kb-block=\"kb-adv-heading2044_66228d-ed\"]{font-size:24px;font-style:normal;color:#000000;}.wp-block-kadence-advancedheading.kt-adv-heading2044_66228d-ed mark.kt-highlight, .wp-block-kadence-advancedheading.kt-adv-heading2044_66228d-ed[data-kb-block=\"kb-adv-heading2044_66228d-ed\"] mark.kt-highlight{font-style:normal;color:#f76a0c;-webkit-box-decoration-break:clone;box-decoration-break:clone;padding-top:0px;padding-right:0px;padding-bottom:0px;padding-left:0px;}<\/style>\n<h2 class=\"kt-adv-heading2044_66228d-ed wp-block-kadence-advancedheading\" data-kb-block=\"kb-adv-heading2044_66228d-ed\"><strong>Centrala Techniczna ELTECH Sp. z o.o. Biuro Handlowe Stalowa Wola<\/strong><\/h2>\n\n\n<style>.wp-block-kadence-advancedheading.kt-adv-heading2044_620fbc-3f, .wp-block-kadence-advancedheading.kt-adv-heading2044_620fbc-3f[data-kb-block=\"kb-adv-heading2044_620fbc-3f\"]{font-style:normal;}.wp-block-kadence-advancedheading.kt-adv-heading2044_620fbc-3f mark.kt-highlight, .wp-block-kadence-advancedheading.kt-adv-heading2044_620fbc-3f[data-kb-block=\"kb-adv-heading2044_620fbc-3f\"] mark.kt-highlight{font-style:normal;color:#f76a0c;-webkit-box-decoration-break:clone;box-decoration-break:clone;padding-top:0px;padding-right:0px;padding-bottom:0px;padding-left:0px;}<\/style>\n<p class=\"kt-adv-heading2044_620fbc-3f wp-block-kadence-advancedheading has-theme-palette-3-color has-text-color\" data-kb-block=\"kb-adv-heading2044_620fbc-3f\"><strong>Lokalizacja:<\/strong> lok. 519-520, V pi\u0119tro<br><strong><strong>Kontakt:<\/strong><\/strong> +48 15 8433450\u00a0\/ <a href=\"https:\/\/www.eltech.com.pl\">www.eltech.com.pl<\/a>\u00a0\/ <a href=\"mailto:stalowawola@eltech.com.pl \/\">stalowawola@eltech.com.pl \/<\/a><\/p>\n<\/div><\/div>\n\n<\/div><\/div>\n\n<style>.kb-row-layout-id2044_34eab8-e2 > .kt-row-column-wrap{align-content:start;}:where(.kb-row-layout-id2044_34eab8-e2 > .kt-row-column-wrap) > .wp-block-kadence-column{justify-content:start;}.kb-row-layout-id2044_34eab8-e2 > .kt-row-column-wrap{column-gap:var(--global-kb-gap-md, 2rem);row-gap:var(--global-kb-gap-md, 2rem);max-width:var( --global-content-width, 1290px );padding-left:var(--global-content-edge-padding);padding-right:var(--global-content-edge-padding);padding-top:15px;padding-right:0px;padding-bottom:15px;padding-left:0px;grid-template-columns:minmax(0, 1fr);}.kb-row-layout-id2044_34eab8-e2 > .kt-row-layout-overlay{opacity:0.30;}@media all and (max-width: 1024px){.kb-row-layout-id2044_34eab8-e2 > .kt-row-column-wrap{padding-top:0px;padding-right:30px;padding-bottom:70px;padding-left:30px;grid-template-columns:minmax(0, 1fr);}}@media all and (max-width: 767px){.kb-row-layout-id2044_34eab8-e2 > .kt-row-column-wrap{padding-top:20px;padding-right:20px;padding-bottom:60px;padding-left:20px;grid-template-columns:minmax(0, 1fr);}}<\/style><div class=\"kb-row-layout-wrap kb-row-layout-id2044_34eab8-e2 alignnone wp-block-kadence-rowlayout\"><div class=\"kt-row-column-wrap kt-has-1-columns kt-row-layout-equal kt-tab-layout-inherit kt-mobile-layout-row kt-row-valign-top kb-theme-content-width\">\n<style>.kadence-column2044_f84318-8d > .kt-inside-inner-col,.kadence-column2044_f84318-8d > .kt-inside-inner-col:before{border-top-left-radius:0px;border-top-right-radius:0px;border-bottom-right-radius:0px;border-bottom-left-radius:0px;}.kadence-column2044_f84318-8d > .kt-inside-inner-col{column-gap:var(--global-kb-gap-sm, 1rem);}.kadence-column2044_f84318-8d > .kt-inside-inner-col{flex-direction:column;}.kadence-column2044_f84318-8d > .kt-inside-inner-col > .aligncenter{width:100%;}.kadence-column2044_f84318-8d > .kt-inside-inner-col:before{opacity:0.3;}.kadence-column2044_f84318-8d{position:relative;}@media all and (max-width: 1024px){.kadence-column2044_f84318-8d > .kt-inside-inner-col{flex-direction:column;}}@media all and (max-width: 767px){.kadence-column2044_f84318-8d > .kt-inside-inner-col{flex-direction:column;}}<\/style>\n<div class=\"wp-block-kadence-column kadence-column2044_f84318-8d\"><div class=\"kt-inside-inner-col\"><style>.wp-block-kadence-advancedheading.kt-adv-heading2044_a72ff3-3b, .wp-block-kadence-advancedheading.kt-adv-heading2044_a72ff3-3b[data-kb-block=\"kb-adv-heading2044_a72ff3-3b\"]{font-size:24px;font-style:normal;}.wp-block-kadence-advancedheading.kt-adv-heading2044_a72ff3-3b mark.kt-highlight, .wp-block-kadence-advancedheading.kt-adv-heading2044_a72ff3-3b[data-kb-block=\"kb-adv-heading2044_a72ff3-3b\"] mark.kt-highlight{font-style:normal;color:#f76a0c;-webkit-box-decoration-break:clone;box-decoration-break:clone;padding-top:0px;padding-right:0px;padding-bottom:0px;padding-left:0px;}<\/style>\n<h2 class=\"kt-adv-heading2044_a72ff3-3b wp-block-kadence-advancedheading\" data-kb-block=\"kb-adv-heading2044_a72ff3-3b\">Opis Firmy:<\/h2>\n<\/div><\/div>\n\n<\/div><\/div>\n\n<style>.kb-row-layout-id2044_39cc19-19 > .kt-row-column-wrap{align-content:start;}:where(.kb-row-layout-id2044_39cc19-19 > .kt-row-column-wrap) > .wp-block-kadence-column{justify-content:start;}.kb-row-layout-id2044_39cc19-19 > .kt-row-column-wrap{column-gap:var(--global-kb-gap-md, 2rem);row-gap:var(--global-kb-gap-md, 2rem);max-width:var( --global-content-width, 1290px );padding-left:var(--global-content-edge-padding);padding-right:var(--global-content-edge-padding);padding-top:15px;padding-right:0px;padding-bottom:50px;padding-left:0px;grid-template-columns:minmax(0, 1fr);}.kb-row-layout-id2044_39cc19-19 > .kt-row-layout-overlay{opacity:0.30;}@media all and (max-width: 1024px){.kb-row-layout-id2044_39cc19-19 > .kt-row-column-wrap{padding-top:0px;padding-right:30px;padding-bottom:70px;padding-left:30px;grid-template-columns:minmax(0, 1fr);}}@media all and (max-width: 767px){.kb-row-layout-id2044_39cc19-19 > .kt-row-column-wrap{padding-top:20px;padding-right:20px;padding-bottom:60px;padding-left:20px;grid-template-columns:minmax(0, 1fr);}}<\/style><div class=\"kb-row-layout-wrap kb-row-layout-id2044_39cc19-19 alignnone wp-block-kadence-rowlayout\"><div class=\"kt-row-column-wrap kt-has-1-columns kt-row-layout-equal kt-tab-layout-inherit kt-mobile-layout-row kt-row-valign-top kb-theme-content-width\">\n<style>.kadence-column2044_ea3544-f6 > .kt-inside-inner-col,.kadence-column2044_ea3544-f6 > .kt-inside-inner-col:before{border-top-left-radius:0px;border-top-right-radius:0px;border-bottom-right-radius:0px;border-bottom-left-radius:0px;}.kadence-column2044_ea3544-f6 > .kt-inside-inner-col{column-gap:var(--global-kb-gap-sm, 1rem);}.kadence-column2044_ea3544-f6 > .kt-inside-inner-col{flex-direction:column;}.kadence-column2044_ea3544-f6 > .kt-inside-inner-col > .aligncenter{width:100%;}.kadence-column2044_ea3544-f6 > .kt-inside-inner-col:before{opacity:0.3;}.kadence-column2044_ea3544-f6{position:relative;}@media all and (max-width: 1024px){.kadence-column2044_ea3544-f6 > .kt-inside-inner-col{flex-direction:column;}}@media all and (max-width: 767px){.kadence-column2044_ea3544-f6 > .kt-inside-inner-col{flex-direction:column;}}<\/style>\n<div class=\"wp-block-kadence-column kadence-column2044_ea3544-f6\"><div class=\"kt-inside-inner-col\"><style>.wp-block-kadence-advancedheading.kt-adv-heading2044_4b820d-73, .wp-block-kadence-advancedheading.kt-adv-heading2044_4b820d-73[data-kb-block=\"kb-adv-heading2044_4b820d-73\"]{font-size:var(--global-kb-font-size-md, 1.25rem);font-style:normal;}.wp-block-kadence-advancedheading.kt-adv-heading2044_4b820d-73 mark.kt-highlight, .wp-block-kadence-advancedheading.kt-adv-heading2044_4b820d-73[data-kb-block=\"kb-adv-heading2044_4b820d-73\"] mark.kt-highlight{font-style:normal;color:#f76a0c;-webkit-box-decoration-break:clone;box-decoration-break:clone;padding-top:0px;padding-right:0px;padding-bottom:0px;padding-left:0px;}<\/style>\n<p class=\"kt-adv-heading2044_4b820d-73 wp-block-kadence-advancedheading\" data-kb-block=\"kb-adv-heading2044_4b820d-73\">Jeste\u015bmy autoryzowanym dystrybutorem najwi\u0119kszych \u015bwiatowych producent\u00f3w: narz\u0119dzi skrawaj\u0105cych, materia\u0142\u00f3w \u015bciernych, elektronarz\u0119dzi, narz\u0119dzi r\u0119cznych, techniki pomiarowej, materia\u0142\u00f3w i urz\u0105dze\u0144 spawalniczych. Specjalizujemy si\u0119 w dostarczaniu optymalnie dopasowanych i kompleksowych rozwi\u0105za\u0144, kt\u00f3re wyr\u00f3\u017cnia innowacyjno\u015b\u0107 i wysoka jako\u015b\u0107. Proponowane przez nas produkty charakteryzuje najwy\u017cszy poziom technicznego zaawansowania, przy jednoczesnym zachowaniu konkurencyjno\u015bci cenowej. Prawie 30-letnie do\u015bwiadczenie pozwoli\u0142o naszej firmie uzyska\u0107 stabiln\u0105 pozycj\u0119 rynkow\u0105 i zosta\u0107 krajowym liderem w bran\u017cy<strong> <\/strong>profesjonalnych narz\u0119dzi. Na przestrzeni lat rozwin\u0119li\u015bmy sie\u0107 18 oddzia\u0142\u00f3w\u00a0z siedzib\u0105 g\u0142\u00f3wn\u0105 zlokalizowan\u0105 w \u015awidnicy.\u00a0Pracujemy w 160-osobowym zespole. Nasze do\u015bwiadczenie w po\u0142\u0105czeniu ze specjalistyczn\u0105 wiedz\u0105 zapewniaj\u0105 klientom obs\u0142ug\u0119 opart\u0105 na najwy\u017cszych standardach. Dzi\u0119ki innowacyjnemu i odpowiedzialnemu podej\u015bciu do realizowanych zada\u0144, znajomo\u015bci rynku profesjonalnych narz\u0119dzi oraz sukcesywnie poszerzanej ofercie, jeste\u015bmy dla Ciebie najlepszym d\u0142ugoterminowym partnerem biznesowym.<br>Serdecznie zapraszamy do wsp\u00f3\u0142pracy! Dla nas ka\u017cdy klient jest wyj\u0105tkowy!<\/p>\n<\/div><\/div>\n\n<\/div><\/div>","protected":false},"excerpt":{"rendered":"<p>Centrala Techniczna ELTECH Sp. z o.o. Biuro Handlowe Stalowa Wola Centrala Techniczna ELTECH Sp. z o.o. Biuro Handlowe Stalowa Wola Lokalizacja: lok. 519-520, V pi\u0119troKontakt: +48 15 8433450\u00a0\/ www.eltech.com.pl\u00a0\/ stalowawola@eltech.com.pl \/ Opis Firmy: Jeste\u015bmy autoryzowanym dystrybutorem najwi\u0119kszych \u015bwiatowych producent\u00f3w: narz\u0119dzi skrawaj\u0105cych, materia\u0142\u00f3w \u015bciernych, elektronarz\u0119dzi, narz\u0119dzi r\u0119cznych, techniki pomiarowej, materia\u0142\u00f3w i urz\u0105dze\u0144 spawalniczych. Specjalizujemy si\u0119 w&#8230;<\/p>\n","protected":false},"author":1,"featured_media":0,"parent":0,"menu_order":0,"comment_status":"closed","ping_status":"closed","template":"","meta":{"_kadence_starter_templates_imported_post":true,"_kad_post_transparent":"","_kad_post_title":"hide","_kad_post_layout":"fullwidth","_kad_post_sidebar_id":"","_kad_post_content_style":"unboxed","_kad_post_vertical_padding":"hide","_kad_post_feature":"hide","_kad_post_feature_position":"","_kad_post_header":false,"_kad_post_footer":false,"footnotes":""},"class_list":["post-2044","page","type-page","status-publish","hentry"],"_links":{"self":[{"href":"https:\/\/metalowiecstalowawola.pl\/index.php\/wp-json\/wp\/v2\/pages\/2044","targetHints":{"allow":["GET"]}}],"collection":[{"href":"https:\/\/metalowiecstalowawola.pl\/index.php\/wp-json\/wp\/v2\/pages"}],"about":[{"href":"https:\/\/metalowiecstalowawola.pl\/index.php\/wp-json\/wp\/v2\/types\/page"}],"author":[{"embeddable":true,"href":"https:\/\/metalowiecstalowawola.pl\/index.php\/wp-json\/wp\/v2\/users\/1"}],"replies":[{"embeddable":true,"href":"https:\/\/metalowiecstalowawola.pl\/index.php\/wp-json\/wp\/v2\/comments?post=2044"}],"version-history":[{"count":1,"href":"https:\/\/metalowiecstalowawola.pl\/index.php\/wp-json\/wp\/v2\/pages\/2044\/revisions"}],"predecessor-version":[{"id":2045,"href":"https:\/\/metalowiecstalowawola.pl\/index.php\/wp-json\/wp\/v2\/pages\/2044\/revisions\/2045"}],"wp:attachment":[{"href":"https:\/\/metalowiecstalowawola.pl\/index.php\/wp-json\/wp\/v2\/media?parent=2044"}],"curies":[{"name":"wp","href":"https:\/\/api.w.org\/{rel}","templated":true}]}}