{"id":2059,"date":"2025-02-21T07:28:08","date_gmt":"2025-02-21T06:28:08","guid":{"rendered":"https:\/\/metalowiecstalowawola.pl\/?page_id=2059"},"modified":"2025-02-21T07:36:54","modified_gmt":"2025-02-21T06:36:54","slug":"informacje","status":"publish","type":"page","link":"https:\/\/metalowiecstalowawola.pl\/index.php\/informacje\/","title":{"rendered":"Informacje"},"content":{"rendered":"<style>.kb-row-layout-id2059_c22e11-d8 > .kt-row-column-wrap{align-content:start;}:where(.kb-row-layout-id2059_c22e11-d8 > .kt-row-column-wrap) > .wp-block-kadence-column{justify-content:start;}.kb-row-layout-id2059_c22e11-d8 > .kt-row-column-wrap{column-gap:var(--global-kb-gap-md, 2rem);row-gap:var(--global-kb-gap-md, 2rem);max-width:600px;margin-left:auto;margin-right:auto;padding-top:150px;padding-right:0px;padding-bottom:120px;padding-left:0px;grid-template-columns:minmax(0, 1fr);}.kb-row-layout-id2059_c22e11-d8 > .kt-row-layout-overlay{opacity:0.70;background:linear-gradient(135deg,var(--global-palette9) 0%,rgb(0,167,255) 51%,var(--global-palette9) 100%);}@media all and (max-width: 1024px){.kb-row-layout-id2059_c22e11-d8 > .kt-row-column-wrap{padding-top:140px;padding-right:0px;padding-bottom:80px;padding-left:0px;grid-template-columns:minmax(0, 1fr);}}@media all and (max-width: 767px){.kb-row-layout-id2059_c22e11-d8 > .kt-row-column-wrap{padding-top:120px;padding-right:20px;padding-bottom:50px;padding-left:20px;grid-template-columns:minmax(0, 1fr);}}<\/style><div class=\"kb-row-layout-wrap kb-row-layout-id2059_c22e11-d8 alignnone has-theme-palette8-background-color kt-row-has-bg wp-block-kadence-rowlayout\"><div class=\"kt-row-layout-overlay kt-row-overlay-gradient\"><\/div><div class=\"kt-row-column-wrap kt-has-1-columns kt-row-layout-equal kt-tab-layout-inherit kt-mobile-layout-row kt-row-valign-top\">\n<style>.kadence-column2059_309887-b6 > .kt-inside-inner-col{padding-top:10px;padding-right:10px;padding-bottom:10px;padding-left:10px;}.kadence-column2059_309887-b6 > .kt-inside-inner-col,.kadence-column2059_309887-b6 > .kt-inside-inner-col:before{border-top-left-radius:0px;border-top-right-radius:0px;border-bottom-right-radius:0px;border-bottom-left-radius:0px;}.kadence-column2059_309887-b6 > .kt-inside-inner-col{column-gap:var(--global-kb-gap-sm, 1rem);}.kadence-column2059_309887-b6 > .kt-inside-inner-col{flex-direction:column;}.kadence-column2059_309887-b6 > .kt-inside-inner-col > .aligncenter{width:100%;}.kadence-column2059_309887-b6 > .kt-inside-inner-col:before{opacity:0.3;}.kadence-column2059_309887-b6{position:relative;}@media all and (max-width: 1024px){.kadence-column2059_309887-b6 > .kt-inside-inner-col{flex-direction:column;}}@media all and (max-width: 767px){.kadence-column2059_309887-b6 > .kt-inside-inner-col{flex-direction:column;}}<\/style>\n<div class=\"wp-block-kadence-column kadence-column2059_309887-b6 inner-column-1\"><div class=\"kt-inside-inner-col\"><style>.wp-block-kadence-advancedheading.kt-adv-heading2059_ff6db5-7e, .wp-block-kadence-advancedheading.kt-adv-heading2059_ff6db5-7e[data-kb-block=\"kb-adv-heading2059_ff6db5-7e\"]{margin-bottom:22.5px;text-align:center;line-height:1em;font-style:normal;}.wp-block-kadence-advancedheading.kt-adv-heading2059_ff6db5-7e mark.kt-highlight, .wp-block-kadence-advancedheading.kt-adv-heading2059_ff6db5-7e[data-kb-block=\"kb-adv-heading2059_ff6db5-7e\"] mark.kt-highlight{font-style:normal;color:#f76a0c;-webkit-box-decoration-break:clone;box-decoration-break:clone;padding-top:0px;padding-right:0px;padding-bottom:0px;padding-left:0px;}@media all and (max-width: 1024px){.wp-block-kadence-advancedheading.kt-adv-heading2059_ff6db5-7e, .wp-block-kadence-advancedheading.kt-adv-heading2059_ff6db5-7e[data-kb-block=\"kb-adv-heading2059_ff6db5-7e\"]{margin-bottom:17.5px;}}<\/style>\n<h1 class=\"kt-adv-heading2059_ff6db5-7e wp-block-kadence-advancedheading\" data-kb-block=\"kb-adv-heading2059_ff6db5-7e\">Informacje<\/h1>\n\n\n<style>.wp-block-kadence-advancedheading.kt-adv-heading2059_027a28-58, .wp-block-kadence-advancedheading.kt-adv-heading2059_027a28-58[data-kb-block=\"kb-adv-heading2059_027a28-58\"]{text-align:center;font-size:30px;font-style:normal;}.wp-block-kadence-advancedheading.kt-adv-heading2059_027a28-58 mark.kt-highlight, .wp-block-kadence-advancedheading.kt-adv-heading2059_027a28-58[data-kb-block=\"kb-adv-heading2059_027a28-58\"] mark.kt-highlight{font-style:normal;color:#f76a0c;-webkit-box-decoration-break:clone;box-decoration-break:clone;padding-top:0px;padding-right:0px;padding-bottom:0px;padding-left:0px;}<\/style>\n<p class=\"kt-adv-heading2059_027a28-58 wp-block-kadence-advancedheading\" data-kb-block=\"kb-adv-heading2059_027a28-58\">W zak\u0142adkach znajdziecie Pa\u0144stwo informacje dotycz\u0105ce RODO, Ochrony Ma\u0142oletnich , Regulamin korzystania z sieci Wi-Fi oraz Polityki Prywatno\u015bci<\/p>\n<\/div><\/div>\n\n<\/div><\/div>","protected":false},"excerpt":{"rendered":"<p>Informacje W zak\u0142adkach znajdziecie Pa\u0144stwo informacje dotycz\u0105ce RODO, Ochrony Ma\u0142oletnich , Regulamin korzystania z sieci Wi-Fi oraz Polityki Prywatno\u015bci<\/p>\n","protected":false},"author":3,"featured_media":0,"parent":0,"menu_order":0,"comment_status":"closed","ping_status":"closed","template":"","meta":{"_kadence_starter_templates_imported_post":true,"_kad_post_transparent":"","_kad_post_title":"hide","_kad_post_layout":"fullwidth","_kad_post_sidebar_id":"","_kad_post_content_style":"unboxed","_kad_post_vertical_padding":"hide","_kad_post_feature":"hide","_kad_post_feature_position":"","_kad_post_header":false,"_kad_post_footer":false,"footnotes":""},"class_list":["post-2059","page","type-page","status-publish","hentry"],"_links":{"self":[{"href":"https:\/\/metalowiecstalowawola.pl\/index.php\/wp-json\/wp\/v2\/pages\/2059","targetHints":{"allow":["GET"]}}],"collection":[{"href":"https:\/\/metalowiecstalowawola.pl\/index.php\/wp-json\/wp\/v2\/pages"}],"about":[{"href":"https:\/\/metalowiecstalowawola.pl\/index.php\/wp-json\/wp\/v2\/types\/page"}],"author":[{"embeddable":true,"href":"https:\/\/metalowiecstalowawola.pl\/index.php\/wp-json\/wp\/v2\/users\/3"}],"replies":[{"embeddable":true,"href":"https:\/\/metalowiecstalowawola.pl\/index.php\/wp-json\/wp\/v2\/comments?post=2059"}],"version-history":[{"count":3,"href":"https:\/\/metalowiecstalowawola.pl\/index.php\/wp-json\/wp\/v2\/pages\/2059\/revisions"}],"predecessor-version":[{"id":2068,"href":"https:\/\/metalowiecstalowawola.pl\/index.php\/wp-json\/wp\/v2\/pages\/2059\/revisions\/2068"}],"wp:attachment":[{"href":"https:\/\/metalowiecstalowawola.pl\/index.php\/wp-json\/wp\/v2\/media?parent=2059"}],"curies":[{"name":"wp","href":"https:\/\/api.w.org\/{rel}","templated":true}]}}